{"id":111,"date":"2014-03-29T12:56:30","date_gmt":"2014-03-29T10:56:30","guid":{"rendered":"http:\/\/www.ottochips.com\/?page_id=111"},"modified":"2016-11-19T00:08:41","modified_gmt":"2016-11-18T22:08:41","slug":"dodge","status":"publish","type":"page","link":"http:\/\/www.ottochips.com\/?page_id=111","title":{"rendered":"Dodge"},"content":{"rendered":"<table border=\"1\" width=\"669\" cellspacing=\"0\" cellpadding=\"0\">\n<tbody>\n<tr>\n<td valign=\"top\" width=\"121\"><strong>Motor<\/strong><\/td>\n<td valign=\"top\" width=\"155\"><strong>Yaz\u0131l\u0131m \u00d6ncesi<\/strong><\/td>\n<td valign=\"top\" width=\"96\"><strong>Yak\u0131t<\/strong><\/td>\n<td valign=\"top\" width=\"132\"><strong>Yaz\u0131l\u0131m Sonras\u0131<\/strong><\/td>\n<td valign=\"top\" width=\"105\"><strong>Tork<\/strong><\/td>\n<td valign=\"top\" width=\"60\"><strong>Fiyat<\/strong><\/td>\n<\/tr>\n<tr>\n<td colspan=\"6\" valign=\"top\" width=\"669\"><strong><img loading=\"lazy\" class=\"alignnone\" src=\"http:\/\/images.passionperformance.ca\/photos\/0\/9\/09695_2009_Dodge_Avenger.jpg\" alt=\"\" width=\"123\" height=\"76\" \/>\u00a0 Avenger (2007 ve Sonras\u0131)<\/strong><\/td>\n<\/tr>\n<tr>\n<td valign=\"top\" width=\"121\">2.0 CRD<\/td>\n<td valign=\"top\" width=\"155\">140 PS \/ 103 KW<\/td>\n<td valign=\"top\" width=\"96\">Diesel<\/td>\n<td valign=\"top\" width=\"132\">165 PS \/ 121 KW<\/td>\n<td valign=\"top\" width=\"105\">+65 NM<\/td>\n<td valign=\"top\" width=\"60\"><\/td>\n<\/tr>\n<tr>\n<td colspan=\"6\" valign=\"top\" width=\"669\"><strong><img loading=\"lazy\" class=\"alignnone\" src=\"http:\/\/www.ridelust.com\/wp-content\/uploads\/08_dodge_caliber_srt4_ob_2_768x576.jpg\" alt=\"\" width=\"123\" height=\"91\" \/>\u00a0 Caliber (2007 ve Sonras\u0131)<\/strong><\/td>\n<\/tr>\n<tr>\n<td valign=\"top\" width=\"121\">2.0 CRD<\/td>\n<td valign=\"top\" width=\"155\">140 PS \/ 103 KW<\/td>\n<td valign=\"top\" width=\"96\">Diesel<\/td>\n<td valign=\"top\" width=\"132\">165 PS \/ 121 KW<\/td>\n<td valign=\"top\" width=\"105\">+65 NM<\/td>\n<td valign=\"top\" width=\"60\"><\/td>\n<\/tr>\n<tr>\n<td colspan=\"6\" valign=\"top\" width=\"669\"><strong><img loading=\"lazy\" class=\"alignnone\" src=\"http:\/\/images.nadaguides.com\/Models\/640x480\/2010-Dodge-Nitro-Detonator.png\" alt=\"\" width=\"126\" height=\"95\" \/>\u00a0 Nitro (2007 ve Sonras\u0131)<\/strong><\/td>\n<\/tr>\n<tr>\n<td valign=\"top\" width=\"121\">2.8 CRD<\/td>\n<td valign=\"top\" width=\"155\">177 PS \/ 130 KW<\/td>\n<td valign=\"top\" width=\"96\">Diesel<\/td>\n<td valign=\"top\" width=\"132\">210 PS \/ 154 KW<\/td>\n<td valign=\"top\" width=\"105\">+66 NM<\/td>\n<td valign=\"top\" width=\"60\"><\/td>\n<\/tr>\n<\/tbody>\n<\/table>\n","protected":false},"excerpt":{"rendered":"<p>Motor Yaz\u0131l\u0131m \u00d6ncesi Yak\u0131t Yaz\u0131l\u0131m Sonras\u0131 Tork Fiyat \u00a0 Avenger (2007 ve Sonras\u0131) 2.0 CRD 140 PS \/ 103 KW Diesel 165 PS \/ 121 KW +65 NM \u00a0 Caliber (2007 ve Sonras\u0131) 2.0 CRD 140 PS \/ 103 KW Diesel 165 PS \/ 121 KW +65 NM \u00a0 Nitro (2007 ve Sonras\u0131) 2.8 CRD [&hellip;]<\/p>\n","protected":false},"author":1,"featured_media":0,"parent":0,"menu_order":0,"comment_status":"open","ping_status":"open","template":"","meta":[],"_links":{"self":[{"href":"http:\/\/www.ottochips.com\/index.php?rest_route=\/wp\/v2\/pages\/111"}],"collection":[{"href":"http:\/\/www.ottochips.com\/index.php?rest_route=\/wp\/v2\/pages"}],"about":[{"href":"http:\/\/www.ottochips.com\/index.php?rest_route=\/wp\/v2\/types\/page"}],"author":[{"embeddable":true,"href":"http:\/\/www.ottochips.com\/index.php?rest_route=\/wp\/v2\/users\/1"}],"replies":[{"embeddable":true,"href":"http:\/\/www.ottochips.com\/index.php?rest_route=%2Fwp%2Fv2%2Fcomments&post=111"}],"version-history":[{"count":5,"href":"http:\/\/www.ottochips.com\/index.php?rest_route=\/wp\/v2\/pages\/111\/revisions"}],"predecessor-version":[{"id":780,"href":"http:\/\/www.ottochips.com\/index.php?rest_route=\/wp\/v2\/pages\/111\/revisions\/780"}],"wp:attachment":[{"href":"http:\/\/www.ottochips.com\/index.php?rest_route=%2Fwp%2Fv2%2Fmedia&parent=111"}],"curies":[{"name":"wp","href":"https:\/\/api.w.org\/{rel}","templated":true}]}}