{"id":130,"date":"2014-03-29T13:03:45","date_gmt":"2014-03-29T11:03:45","guid":{"rendered":"http:\/\/www.ottochips.com\/?page_id=130"},"modified":"2014-05-17T10:38:55","modified_gmt":"2014-05-17T07:38:55","slug":"jaguar","status":"publish","type":"page","link":"http:\/\/www.ottochips.com\/?page_id=130","title":{"rendered":"Jaguar"},"content":{"rendered":"<table width=\"695\" border=\"1\" cellspacing=\"0\" cellpadding=\"0\">\n<tbody>\n<tr>\n<td valign=\"top\" width=\"121\"><strong>Motor<\/strong><\/td>\n<td valign=\"top\" width=\"167\"><strong>Yaz\u0131l\u0131m \u00d6ncesi<\/strong><\/td>\n<td valign=\"top\" width=\"83\"><strong>Yak\u0131t<\/strong><\/td>\n<td valign=\"top\" width=\"132\"><strong>Yaz\u0131l\u0131m Sonras\u0131<\/strong><\/td>\n<td valign=\"top\" width=\"108\"><strong>Tork<\/strong><\/td>\n<td valign=\"top\" width=\"84\"><strong>Fiyat<\/strong><\/td>\n<\/tr>\n<tr>\n<td colspan=\"6\" valign=\"top\" width=\"695\"><strong><img loading=\"lazy\" class=\"alignnone\" alt=\"\" src=\"data:image\/jpeg;base64,\/9j\/4AAQSkZJRgABAQAAAQABAAD\/2wCEAAkGBxQSEhQUEhQUFRQUFRQUFRQVFRQWFRcUFRQWFhQUFBUYHCggGRolHBQUITEhJykuLi4uFx8zODMsNygtLisBCgoKDg0OGhAQGiwkHCQsLCwsLCwsLCwsLCwsLCwsLCwsLCwsLCwsLCwsLCwsLCwsLCwsLCwsLCssLCwrNyssLP\/AABEIAJ8BPgMBIgACEQEDEQH\/xAAbAAABBQEBAAAAAAAAAAAAAAAEAQIDBQYAB\/\/EAEMQAAEDAgMFBQYEAwYFBQAAAAEAAgMEEQUSIQYTMUFRImFxgZEHFDJCobFScsHRIzOCFUNTkrLwNGKi0\/EWFyRE0v\/EABgBAAMBAQAAAAAAAAAAAAAAAAABAgME\/8QAIxEAAgIABwEAAwEAAAAAAAAAAAECEQMSEyExQVEEFCJhcf\/aAAwDAQACEQMRAD8A9T3y7equE6dvlvRlaD96nCRV++SiZFBaLAPTt4gRMnCVFBaCy9JnQwkXZ0UFhJKbdQZ128RQ7J7pt1DnSZ0UKyYlNLlE6RNMqKE2PL1BI9MfMhZ5lSFYk0iAmlSVE6rJ6rvVpMysIkmUD51Wx1hlk3cIdM\/5hGLhne93wtHiVLV4fUN+IxN7s5Jt5BWq7BphRqVG6qWerKiZnAwnxDiqabHaht7bnyaU\/wBfRU2bn3sdU33rvC85m2tqW84\/IKP\/ANYT\/hZ6Kbh6PJM9LbV94ThUrzQbZTc2NPlZSx7bOHGNqM0PROM\/D0htSnipXnsW2wPFg8iQjItr4zxB8iqWV9iqS5RuW1KmbUrHQbSRO4E+atqStEgvGS7wa63rayeQFJl+2dSidU8b3fhdb8pUrZ7dfSyhwHZbiVLnQEcymEiVFWFZk3Mow5LdADnOTcyQlcpYx11101ckAeJUu8Q2ZdnTodhQkTt6g8y7OllCw7epwmQOddvEUFliJl2+QAkS71Kh5g8TJd8q\/fJHTJ0GYsN8mGZA75N3yVBYe6ZMdKgjMmOn\/e\/gmkKwmSZA1FSqCo20pA7JvhfUHjYELqFlRiBvBeCmBs6qe27pO6nYeOnzcOCHSErfQmI4u1rmxtDpZnHswxDNIddOz8o7zYImHZqSQZ8QlMbb\/wDCwO1\/LLL6aNt5q4pIKahaW07e0745HOzSyHmXvOvkOCocVxom\/mnbKpFlUYpHDHu4GsjYNMrG2Hn1PesjimMknj91X4hiV76qhq6lDYJWTYjiRPNU8tQTxKjmkuVAXXWTkaJDZHa3TDIU5xTLKWyhN6VLE4lDOREDrKdwaC4oQeIR0WGNcOFkLSvR2JVO7j04u0BWqaojsbs\/RCact1MUYzO148g0HqSV65gGzhcxr3kNaQC0ZRe3IjNcAeRPNY7YDCgA0PBAI30nXLwYPMH1eF6O3Erm+mvTSw6LS2o0ZOnKx82DuYx7m5H5Wl2Q5czsovYERoXD6cVEeeNocBa9ngON+Fr6D0RrcS5rObL4l7vVSQjRhLmjkAB24wB+V9v6VBdk9ZA6MkEOuPlLSH27m8\/EJIJwQtfPURytyvsQevEd7TyKwWKEwTPbYlmYWdzIeLtznk7QgHnlKpS6JcS4ZIpmuVdBODqDcHgeqLjcrIJwUqQJUDOXLlykY+66yeWJCE7AYkzJ5CjcmAuZdnULn2UL5UVYmwoyppmQDqi3EqJ1R0v6fsjKLMWJnTDUqtkmI1Nm\/mIb6ZuPkpaGllm\/ltLh1DXEeRIAVVXIs4UapNNSi24CGC9RO2JvRzm39ENLVYbH\/evmPRoJHroEf4GYiNSqHa7GjDA9rDaRwLQMrj2To4XHwmx4q5l2mhZ\/KgLemZwZ9tfqq6u2nMujg0joc7\/q5yvSk+CdWKe5i9i4cMZaWvmuQezThj3C\/wCKZwGv5RovUZtq4Zm2p5I3NA4MI0FtBl4jTksJJDA54fu49L9nK0NN+ZA5pfdoCbhmU9W6FKPzSXNFP6Ivgt8QxIkrPVk5KmqaON3F7m\/1KonwNjvgmcT3EpPBl0Cxo9kFQ8qtqrnkjZ9m5QCQ8kdOJVa\/CqgcA8+SwnGa5RtGcHwyFzTbgo8lgnSRzN+JrvMaKEzu5hYu1yjRNdCOBXap2952PokEgSGRtjPNTNanx2PNGRQhMGxaJinii39S1hPYZq7uA4pHuEbSeYRGGQGOEH+9qngNv\/h3+LwPHwVEM2VNX7qC\/B07i490bCWsb4Ek+TQpIsY7\/VY\/GcQaX3aewz+Ez8kfZb5mxJ73FUbsZfe4It3q3MlYbPVmYt3hUWK19qgSAjUA+bez9ishTbQHg9oI56kI\/GaiPsOhl3jDcXIs5p0OVyLXQZX2emxY1oNeNuqErq9r5G5jcSMdE7xvniI6OBz2PesNBiZyjX6p09e6wIvcOBTbQlFmrwaus50btS1xF+RIAJIHLRzXea0EEix+z+Hz1MhMLCSHsJ7gWEOJ8g1auallgNpWFl+BPA+BWidmclTLGN6lBQMT+SLYUDQ9KkSqRhpamlqmSOCQ2CvQc77IyZVVY+11S3ERSzHlr6qrxTGYoP50rGHjlvd\/kwaqu2wiro6UTxuY2GQ6GP8AmZfhsXnx5fVYXNHTNDtJ6l3aLj2o4r8OOkkn0CTn4NYfrNhVbUHLmjjDI\/8AFqDlB\/JE3tFT0VRPUASZt3B\/iyjdxnujiYc7\/EuWfw2lbH\/8isIlnPajicQQ38LpBwJ42auxLG3SOu99\/tbkAOQW2Gu5cGc\/Iq2aj+1aaDVjXVEn4pOzGD3RC31uoZtq6yYENfkZzDMsbR\/Usn76xlnP7R5Mbxv1cTwHOylG2EgZuhlEXE2ZGHl3K0lrtb4KpYsY8ImOA5btljLVtPxSOld4nL431J8lA7EeQIaOjRb1PFVGIbRSykkZWB3JjeVrWzWuqs1R5JP6H4V+MvTSmoHX\/fmon17B81z0GpWe3t+JPgubNbhol+Uxr5Yl86qeeAyjq8\/ommo\/FJfuZoqM1BSbwlS8dspfPFF4K2McBr1Op+q52L96o2XJ\/ZT+6kauIYOrje\/gELGk+BvBh2WP9rHv9T+6cMTd3+pVaDGOGd5\/yhStqeTI2D1efUo1Jei049ILdiruo+6hfUl34fQKPcOOr8rfT7KO7BzJ8rhDnJ8jUIrgWXUWLvIAW+yDlpbIvODo0X87fQIynoHu\/BG38TiGj1OqxcUXZTCkPEad6np2PvYAnw1KvKejgvq6Sod+GFtm36ZitNh2F1bh\/ApY6dp4vebvI8eSawxZzNUWCFwMtQSyJnL5nd1lW1VaZZXOFmhjMsTRyHwtA716ScEaxo96q2WHysDOZvrcXKrZq\/DILbtgkc3jm1v3680OCJU3Z54+EloYGyFwcb9kkEd1lZVbKqZjWNpn5Giwy05Dj4uA1Wqft+1mkMTW+DAShZduat+jS4DuFghRS7LzvwzlHsVXTHsUkvi8CNv+aQgfVehYN7OYY4Q2tq4mOzZyyMCQjSw7XDh3LJVGOVT\/AI5QPzP+4Qpq78ZXH8jT9ylp+A5t9HpAwfBoLB8s8nPSzNenZaCfVTjaDB4P5dKHHrIXPP8A1Erzaqrg9rM7nzOA4vOQM49gNby\/ZRCqI+Fkbe8NzH1OqemS5SPSK72oDLkp4xEzqyMn7BZLEcenmee05zPlLszNPB3BUslRK4Wc91ug0HoExxzOu9xcTpcm5VKNEvfk9B2drd4ztEFzdDY38LrQRFYrY6Kxk6Et+y2tOqkQggBLlTg1OyqSg4pjgnXSOKgtgk4VPiTCQ4DiWuCvHhVGKSCMA9SdeWgudevcrSshuingxB9TQRvc+nyXjj3RNiHNfbVnG97KXbiipaiOOqcyLPSvYyaKN5bvGcWsOgtqOl1htocIyl0jJrB0mbIOyATre4Q2JbQyyZDu2At3e8kaf5u74ZgTbgT3qJQkuTSGIpmrdtPh0n83DG2POOUE\/wDWOKjbTYFMQCKilceGaNz2\/wCaK9vNYKr7JJaS+P5XtGluhHK3BRMrDpqbLJtmtHo1b7LYpN26iqBM2W+VzXA6D4jqeV0BiHsfr49WZZAOFiNfQqnwvHnsp3sa5ze0C6znAkHL05XACZRbQTMJMc8zCLZcssgAOW\/C\/UH1RYAGIbJVsJO8p5BbmBcfRUsjC02cCD3iy9MoPaHXMAvUb1p+WojjePiA4taHcxz5K4btnS1AAraCGQENcXw2DhmDCew7oXkceRSzAeNJQ0nQL1jafY\/DpKKStoXSR7pzd5E+4ILiLtc08CAbrzz3d0rxDTxuc4i9mDM4jr3efVaRSaE2yrDPXopAQPi17hp9VosT2Hr6eISywmNh01c3NfoRfiqJtHa+bQA2N+XLVUl4Ib707gzsju4+ZUTG3PMn6eakgjLyGtBuflHxHyRFbh88XZfG6Puc0g8L66f7ulf9CiE5W\/Eb9zf3SGsPBgyjuGvqhmjrZExg8tO\/9U07A5sLjq4nxJCJgjaTZrTIegvbzXQhg1eXPPQI9uMvYLQsZGOpAzK0vSXYdR4DUOsTkgZ+Im3+rVGilw+A5qiZ07x8rM1vXgszU1b36ySvf3AmyHM7W\/Cxt+ru19Cm2kiMsmbM7csjGWjpQwciW5neKpq\/aaul+OTID3hv0VRSPllNsxaD+Hsj6LQ0uxokt\/HaHHkXDj5lSm3wN1Ezsji745S8+Z+pSsjYODL97if0VjiGDyU0m7lAuOBBFiOIII7iFDkCajY8wOC7kGjwA\/VdlceLifO32U4ATgE8qE5MiZThSsiXF4Xb4KqRO4\/IpWtQ2cngCpRG7nZvibJ2S16TE2VZNMf5ljlaRwRErbkAG5PT6rR1mAtMB3V7CmhnkeeBNRms0DlawKzxJ7GmHFWXWxuV8Odo+I3v9Fr6eNZX2eURbRxk8XXd5E6LaQxosl8ihqdlUgan5FIUMzpC9C75IZk6G2EOcszjuPQsmNLUtvG9jXg8DmNxdruTh1V7vlhPadgzpmtnjbmMTSHjnl5EdbI4Et9gbaTAJI2GSKVs9Mbdp3xM7pgAbcrOFwe5YqupXgXEY1+aM5m+OikwvaWeAFodmaQQWuJN2ni3XiO5QUlRkDiLjtHRugHPQdNUniWty4wrgrIpns1a4tPOx4+IRHvTHavjAP4o+z5lvAnwVwC2VpJjDiLAnLZ2psBcd6GlwuM\/CXNPfZw8rcli0a2CZ2D+W8kEWLXNIPG+ttNFJ7nJa7Q1443jdmGt9Lceajfg7+Ra4dxN0M+ke08CO\/VGVgmglzntHaa9turTbjf7pW4jwAI4dedrC6HbPK3g948HOH6qduJz8N4T42P1KkZeSY873OWIuJ94nY61zbdtzuN\/Ey2\/pC2HsvzNbO6OzJZhGYxmHaibnD2mwLhZ3TqF5cakk3f2z\/zE6eAReH4hu3Ncxz43NN2lp4Hu\/Y8VqqolnuWJTvdRxscxzy2dpkOeOUNDTcOeXG+U8OFwvOvaRPTOkjfTss17XteAC1rntLQ17b8dCb96kdt32S4Mg3zvjkYwwvkPAmQNIDj321WPxOulqJM73tuPhFxZo5Ad3D0QthM3myUMTaVrRTwyTSROqGvfq\/Ow9ntX0A42R+xbzVTvdO128jyvADg4uc7M2RzhbgcrdFiMJxQxyMLgWsAyvEYbfIfiyEg2J9RyK02zW3LKO9o4g17iHy5AZyMx3eZ9gXED8VxdNprcZH7SsHhpt3I2MMdI5weABa4F8wtoFgS660W3u2Zr3ANz7tt9X2zE+A0HksoyZJT9HVhcalBCD3yUTLRMQWXAXKrp5rlPmm5InA8KlqJA2GF8pvqGjs+DncllKVglR1HFIW3aHHpy80NUPkb8RcPX7r0Co2fxGBjXObSxtdcMYXtzaaHhxVZJiOX+HX07SxxtvY7G3eHXU262HSsocOxBz3Bkji64s25vZSyzWJHRdj+Ce7OjkicJIJNYpB9WnoRr6KfNTZC57nmU5rNAAAPK5KrVcYhHDTYHvj0TgHHuQrag2HgNP1TXS35k+JWmYnKg6zRxd6apRO0cBfx1QLXp7SlbFQW+cnu8NEmc9SmQ0zjy09EU0Rs4nMfVWk+yHRcbIUccskolcWAsETHAXIklzBth\/T9Vp+0GPhY1xaKYOkcRYZmBsccfiMrzbldU2wtOyUzSkNtC9j2tccoMgbli1Gt8z76cwCt0yulkkfDI2LLG2DK+MHK\/eN3hcBw11JKxluzSqQuzVGY6aFjvibGwO\/Nlufur6JqYyKynaFpZlQtl1kq5IZnd8kMyr3TWUT6pbZTLMWRmTJZQQQdQRlt3KmlrgOf1VbU40G8T9U1FCto83xKnMT3McQ4tNrjqE6mlblLXGxvcf+Ufjz2SSF7fm4hU7o7d4+q45qmzri7SNJglcKdryBvHExua2\/ZBjzkF3m4HyVq2rhkczthkLH2dC5oBe98735r\/AJHgXv8AJZYIPtwJCJixB442d4qCzVU2GksfmJD2RFzRcG8ge4vGlyf4bTbxCXH4fdXtYXZ8wJ0s0gA5QSOhsbeCz0GJtBBsWuF+0Pi1Fja1v\/CMrK\/3jLmkuW5rE2vZzi4gnja5PVU5MlxQ+SRrm5sjSL8xY\/RGYVgXvRsxrGaZg58jY2nW1gXcVVVYyRWvfW+gNtfFBR1TgLAnwvofJawntuQ4+G4\/9sKg6h9Pbnlnv92gfVCzezSsHwiJ35Zo7+l1mqfF5GHsvc3wNvqLH6q1h2yqm\/3rz4uLv9V0+Q45HyezzEm\/\/UlcOrSx32cgJ9kq5nxUdT5RPd\/pBVzB7Q6pnzA+LW\/oArmk9sNSz4gD5vH2cocf6OzBHCapnGnqW+MUg+4UMlNJ80b\/ADjd+y9covbi4fHC0+Lnf\/klWsPtrhcNY4x4yOH3jS39HZ4Z7q8\/3Tv8r\/2RtJhDjxhmPhFIfQ5V6piPtVhebhrQe6Q\/9tZ+t9pgPCMn+s\/oAqSoTZQR4OQP+DeT1f2fuUI2CR5ysp2tv\/vUlWVVtw517RNF+Z1+91S1WMSScSbWAtc28rcESb6Kgo1vZXVcZDiDa4NtOFwvVfYttI2NjqfKwEEuz27Ts3Ak93DwWQ2BwIVlUWndkRtzGJ51kvoWtHE9b30sDqtVTbBz0NWJo2l1M4EZsw\/h9RIT8o436KGtwE9qkz\/fKSCMu+N+QX0tM9hLbdxum7S7PiN9SGNBp6ZkYms7svnfYCKO\/wDeBx5KbaGJtXUwTxTAFlw0gG+XlJHfibi31Vft3tMyNsdFTcGHPI4anevHac4836nXldAFPgcObf4dMbhzTJTuvfJKwXAB79Qe8FZKV2pvxHHxBsVfUspaYZRoYp2AnueRf9T5ofaWgDKqoBIa0Sutz0JBGnmmgKcOUkbC7gP2TmvaODc3edB6JX1DjxNh0Asm36KiUQBvxut3Dj9FK2qA+Bvm5Vpl6ep1THzEpZxZWHyVRPxEnw0AQ8lZ0QwkNrJAwnkfRS3JlKKRrtgO3MxriTGyUTyNHzCMZmj\/ADtavRtkC47mJ57UULXya3Iu3JGxx52A+pXj+CU9QJAYI5S4i3ZBGh77L2\/YrB3U0P8AE\/myHPIb3PQNv0H6lOC9JmzRgJwTQU4FamYq5cuQB5w+ZAVlXYFTyKmxa9jZdLOdFJieMnUAqinrHO5rqu9zdCrixJuzrw4KhTISnMlIUa5ZGpMXg8R5puToVGuugB+qRLvE4PHNVyAgkNrXNuiTMpGsHf8ARLuO8fVFPoCMOPRLmUjI3Dg63nZK5j3cdbd7U\/2QmRgpC09yeYSOPpcfomGyBjLJQnuj0vy+iv8AYqtZG+TOIzcMIEjcwcGuzOZ3XGl0JWJmdJSXR+PTMfPI6OMRtJuGNdma2\/EA9EApYxWlSB6axvfZHYdTsfJGwknPIxmg\/E4D9VUUJg9LM9sjHRuc17SC0tvmBvysvbp9pa44fEKiAFszZo3SviJMtiN00svYOeM+p0JaOqr8IZQ0TnO3YY2Iua6WQAnO0kENHC9+mquKHaQY7vKSHNEyJ0M7ZnO+MRytBa9osW3Hw636oEUNYC+CmcDFlpv4LY2XaS54vcG5JDO03Xm7lZLTey2Go7bJJ2FxJLRkNje+hdx9Ve1GzNJUPq30dW4vDdy8OOfdzNvlewnUC\/Q20XjDcUq4XOb7xO0tcWkCaQdoHKbi+vBMKNPtZg8NLmp43zulbLCJGytiA1a1zcjmOObRzVm9rp2urJyNe3buuGgH7K5qKySVtOJnukIO+cTYnKNRc89APVZKplMkj3WuXuc71KTAjdKUzUq2w\/Z+WUizSB1sVs8H2CGhfqqjhNkvES4PPaeie89lp9FosK2PkfYuFh0XqGHbMMj4NH0V1T4aBy+i104xM9SUjEYXsXGALtB8QtRQ4DGzhG30CvGQ2TwxVm8Jyg8EAHAAeCJY1dkTwxSxpHWShLkShiQxFykDF2RAHlj0BWxXCsSFFKxdRzGFxSisbqkeyy9CraQOWbxDDegXNiYXZ0wxEkZ5IiZqYjkoCxc7i0bKSY1clskUlHLly5ACpQ89U1cmnQEu97k7eg8fooEqMzFQQzKetk\/Nb4SR6FBpbozMKCJXk6k\/RR2B4m3kUzOVxci7A4rkl110hjgVc7IyAVcQccocchd0zjK13kSD5KkunRvykEJrkRt\/aJhM+9bO4l0chyEHhFO3SSNw5XIL2nm1wVz7N69lFS1VQbXf2Gf8zYm5jbz1RezG1EdVHu5N2ZXsEckcukVWxgsxrnfJMOTu4LpcDp+zDI+opGCKVhimhecr3yXzMkZdrwWm2nj3K6QjKbBbQPpaoSvJ3cxMc3QiQ3zW6tfZ1+gKs9o8LidJJLI4NMMu6mYdDI0i8DmdSRZnkCVNLgdBA0hgmqSNScrooj+aSQaDhwaT9xUEzV87Y2a2FgG\/BGALZnE6nQDUm7rISvYTY3DaF9W6R1z2uJHyjoP98FqsF2NjZyue9abBMDZTxNjbraxLuZd8ziruCBbRSRhK2V1BhDWiwAVtDSAckTDCimMQ5MaigdsATxAig1OyqbLoF3K7corKuyosKBN0uEaKyLsiLCgfdpRGp7JQ1FhRBkS5VNlXZUWFHkZCY4KRIQus5Ad8aCmpgeSs8iY5iAM5VYZfkqyowjuWyMShdBdQ4JlKTRg5cLcEK+id0W\/fRAoaTDgs9FGixTBugI5JpjW0lwcISXBQs3gs0WKjKFqTKtI7BB1URwTvU6LK1UUGVdZXwwQ9U4YAeqWix6sTP5V2VaePZ3vRUezI6p6LFrRMeGp4gd0W6g2ZYj4cBYFpoEPHXR5yKR3Q+iX3N3Q+i9Riwdv4QiWYM38IT0Eha7PJhQP\/AAn0T\/7Ml\/A4+S9ejwhqKiwlqNGI9aR4zFSzNOkb\/ANK0OH4nieUMi94DRoG9rLY9A7QL1KDCWqzp6BrVGkvQ1X4eZUWyNdWODqyWRjONnOu63c0aL0TBcBipmCOJgaOZ+Y97jzKuYadExwp1Q7bBYoUXHCpmwqYNQ2FDWMUgalanBSNIQNTly5Io5cuXIA5JZKuQAmVdZKuQAll1kq5AH\/\/2Q==\" width=\"118\" height=\"60\" \/>\u00a0 X-Type (2001 ve Sonras\u0131)<\/strong><\/td>\n<\/tr>\n<tr>\n<td valign=\"top\" width=\"121\">2.0D<\/td>\n<td valign=\"top\" width=\"167\">131 PS \/ 96 KW<\/td>\n<td valign=\"top\" width=\"83\">Diesel<\/td>\n<td valign=\"top\" width=\"132\">165 PS \/ 121 KW<\/td>\n<td valign=\"top\" width=\"108\">+70 NM<\/td>\n<td valign=\"top\" width=\"84\"><\/td>\n<\/tr>\n<tr>\n<td valign=\"top\" width=\"121\">2.2D<\/td>\n<td valign=\"top\" width=\"167\">146 PS \/ 107 KW<\/td>\n<td valign=\"top\" width=\"83\">Diesel<\/td>\n<td valign=\"top\" width=\"132\">171 PS \/ 126 KW<\/td>\n<td valign=\"top\" width=\"108\">+65 NM<\/td>\n<td valign=\"top\" width=\"84\"><\/td>\n<\/tr>\n<tr>\n<td valign=\"top\" width=\"121\">2.2D<\/td>\n<td valign=\"top\" width=\"167\">155 PS \/ 114 KW<\/td>\n<td valign=\"top\" width=\"83\">Diesel<\/td>\n<td valign=\"top\" width=\"132\">190 PS \/ 140 KW<\/td>\n<td valign=\"top\" width=\"108\">+70 NM<\/td>\n<td valign=\"top\" width=\"84\"><\/td>\n<\/tr>\n<tr>\n<td colspan=\"6\" valign=\"top\" width=\"695\"><strong><img loading=\"lazy\" class=\"alignnone\" alt=\"\" src=\"data:image\/jpeg;base64,\/9j\/4AAQSkZJRgABAQAAAQABAAD\/2wCEAAkGBhQSERQUExQTFRUWFxcXGBgXFBgYGhwYFxUVFRgVFhcXHSYfGBolGRUVHy8gIycpLCwsFR4xNTAqNSYrLCkBCQoKDgwOFw8PGikcFxgpKSkpKSkpKSkpKSkpKSkpLCkpLikpKSkpKSkpKSkpLCkpKSkpKSkpKSkpKSkpLCkpKf\/AABEIAIABAAMBIgACEQEDEQH\/xAAcAAABBQEBAQAAAAAAAAAAAAAFAgMEBgcBAAj\/xABEEAACAQICBgYGBwcDBAMAAAABAgMAEQQhBQYSMUFREyJhcYGRBzJCobHwFFJicpLB0RUjQ1OC4fEWM4NjorLCVKPS\/8QAGQEBAQEBAQEAAAAAAAAAAAAAAQACAwQF\/8QAHhEBAQEAAgMBAQEAAAAAAAAAAAERAhIDITETQQT\/2gAMAwEAAhEDEQA\/AMzjgGydrn5240nDSMSCuQB3dlTY0ugvkOVsvCvYWO4PsgGuOx6MOWvtZXN6EYuEseOR50WUgXvzqMYrsQDbO9+yrjViC5IsOQuSPhTMA2vm9ScYuZ2aVBActned9b0ZdSoUCjtpAU333pt7C4zypMc2fZUudqamIKHIkkbt2R43vvpM73W5NmIJNlAub5buymYjdjapHRKbg37ayt1BeRSi9UA39YH4imZznmTaiS6PU7mz7uFNw6Cknk2IkZjfOw+J3Ctbpsye0GJRv7KmpNla1WzB+i1\/4s8MQ5bRdvIUSTUXBRiz4mVueyij3nOnHLtGcmc3tYeAp6OTPOtEXVrRgG6du+Uj\/wAVryaB0WN0dj2zSf8A5p6094zmUEtut87q9EbNcnOtLfV3R7ez\/wDc3\/stMtqdg29Xb8JFPxWrrWbziipIOeVe2sssu8\/nV2bUTD\/Wn8kP5CmX1Fg4zyL3xD8nFU4Ud4phguQA3bUDGMdogbudXp9SYweri0zy66MCO6xNMy+jYnOPEwPfmxX3MKelPeKXFiCOw7u+lFxvvY86tE\/o8xAGXRt92VL+V6DY\/VLFoOtBIe1Rtf8AjejrVsCxLcgE+NRhiLEm+ddKkAhhY3yuM78biojb6Tp5sUSwPKlnHXa9gL77VEY+IpckgJ6osOVQ0Q2gM6U8udiL8rGocEnC2XznUlCC4vftIrJ0\/h5SozANudOwN1r5916izEm9jx8++vYWdlI3XO4UYoJpCxTZuLC3HPKl4NCu0OYp94LcBnyN6Xg5AG7a5V6pxlNzS2T9RUFt9wTkKMYiAuguRvtawGffUKXBkGwCk7rA3plXRAie5vvJvUp3KjjfjnXXh6vVBue6m40IGYB4Z1odcQ8S9xkAt+AvXIkB3b6kbN1sLDPPO3v4UXw+pE4UN+6IO606X7Bbfetfxx5fQyKA5VOjw+0ON+HaaSMK20U2dlgc78Lc\/d51p2p+oFlEuJGRzCbie1+KL9kZ8zWctF5Tj7V\/VTUGTE5tZUvmxPVuOC29c92Q51osOAwuCj2VVe0tYsT3DKntI6XCLZRYAWAGQA5ADIVTtJaRLNXaccebn5LyE9IafyNgiKOzPyqo4zTrsTY28Kax+LLZXpiDCFiBW2C4g8l8\/E0rDaMPE2PP+1FY8KFFreVOpHajUXhsGoA6oPfUkYCM\/wAMeVJElTcKwIJ5VmnTP7Gj4IV7ia5Joc+zJIB2i47qkPpELlXE0srGwvc\/NqJatB8bodkBY9GRzzU\/pTmrWG6RnY5RpbdmSTuUE8TnUTSuNLsIycr3Pz4Hzo\/go+iijS1iR0jd732Qe5beZre1oQa4GQVB9lFJ\/E4N6g43SJjdcwQ1xmiXB55AcM\/CpUmJyoPpZ7xnmvW8r\/lej6xKnY7R8MwtLHFKOBzRvAksPhVG0\/6LFYlsK5VuEUpAv9yQXU9xNWjRekNuMc16p\/L3U\/PLYcweBzHjUdysKx+jJIXMcqmNxvDC3+ahmtk0xgo8UrRz52\/25LdeMEZZ+3HwI3jeKzLHaAfDzGOUbiM1IswOYZTxFqK7cfYfhkX2jbf58KkhdkUoYYXuOfL8+dOqpbeAAKy6YaAve1SEhsATxriKRfiPndTsUbMO6s6sHwDs3XavlfK9+zupz6MBnYqfd3Wp9orE9ZipzGfuofFEQXsSRfiedcJXusPsg2d5Od7Co7YY37cshv7QaIJHlfdSsFEC5VRd8gN5PgBvpW4iS4a6k5DO4AvkLbqEYuYGwFwavo1YmY9ZQgOQ6VgpPbsi591OP6MgM5MQoP8ALhiZ3\/CxFu\/dXTjxrlz8nGetZ3iIgY3AI3Z3Hw8qF4LRzN1mPRou9jz4BB7TX4CrvrDquYnREilDPewd0eRhwYxx+qO0miOidWdImPY+ioq9qqrHtLybRHcAK3Hl52X4sOpWjsJhVWSeeETWuEaVGKfac360hB37hew51aMRrNDJfo5o3P2XBNU\/Aak49Sbw4R1Y5ibYkz57RF7+NF9Hal7LXkwWjwSB6kki+IGyc\/GtRw5RGx+LOdAMVOTzq9nVWPkkf3ZmPz5VEn1RT+ao\/wCX9RW4zij4eG5zongMPmWtReXVL6uIA\/qjI8erUZdBOhN8UpF8h1LW7bAVX4CJDakh6VKqjfKh7lJ+BrkTjgAf+Nv1qyl4NT0eMKggDI2v4V1cQ49lPAkfEUo4x\/5TW+yQfjVlAfNISTkaYWXZNzlbOps+PS9nRge4UI0jiw+SghBnmMyT+VRh7QuG+kYkX9UtdvujrH3CpGmtbIUe8kgUuSwGeQvYDyAobjNMfQ8NJssvSuo6t8xGTYm3Am1ZvpTFtPIXsTkBuJ3DsrLbUYddMMN8oNSI9LJMLowIOVgRyzrH49HyN6sch7kY\/lVz1A1YxCymSSORECkWKkbROWV+ykWCejMQVZlPyRlRjD4w3twNN\/6akEm1skKWbPPcc+VTDoNhwPgDSz99oGNm2ZEYHfdT8QfjQPT2H6WPZ4oC0Z+ze7p3Zlh3HnVmxGgmIyDXBB48Dnw5Xrkmg2JQbBsG6xP1SNlvcTRYeNys3iiAXMmw9\/dTQhJPELv+RVhxGrWIgTrptLuBHWy7RQWTEi9iSDu5eFq5ZXvl42FIgQ3zJtvP5VJVTbZAHf2moyNncrb31PTEXG4j9KxW+Mg3EwCG\/hnQ6V1UgggA29ZrC\/lXYJlIIPLL\/NPaEwqtNLNMP3WDRX2DntyuwEaEcRv8q5zi68+fobwi4eGMSyJNJnkxjcR58VJFgO03v2Ud0fpRHOzFsLcC+wOHawzPdej82hPpCMVxEYEmy5UKWGwmTJc+zkw\/xVN1T1UDh26aSOElthYgA5TaILszXsPZFs7A16JY+f5Lb9o\/+0YkYqpuw32OQ7Gbn3WprEYuQx3Rlu5CqD6ijjK49vsFUnXLBto6RFjkaSOW+ztkbQK2DZr6wzyPYan6tacCwzYmQBkwwRETg8z+qp5gWJtXXXLF+0JotcOhdR1mzeaUqpc89prWHYMhTmJ0jMM4mgc8As0ZY9gBNYVpjWCbEOXmkaRjzOQHJRuA5VCjxh7P71Jt+ldIzxhTNC8K2AvtBgTzLrkT5ULbTSHew8WJ\/OmfRrph2weO+kEvho4tzm9mII2QeZ5dx41TI9LRDJlK+NWpcpdLxcx5UqPafNdr57KB6IhLXZY5JmG5Y12gD9p9w7r3p06xS7TIVMZXIpskFeOanM5c6tQrNoxvbl2e7M+QpuHCxlrLHLM34VqLoXSLTzbCq8pFrhQAM920xyUd\/lRifG4sR3iTDqm0UCo5DFhkV2mUBm7BT2XU59E6PNxFEPqg5+JJypiXS8I3dbuW\/vaq+dNrKeve+YIORBG8EGlxzQ8HVO25J91PfR0Gf2k1rqgUc2ryzs3tM3YotQ\/p4UzIeQ82KoPeb07HpiVzaEIoH1FZz4k2X30dl1EodFXz6M58Sf1pa6JVLXZRb7V\/dQDSU06C8pxFjyKKP+2\/xoJNj14hm+9K35Wo3ThevuHmd9nDjbjZRtHZS+1dgesesBa3GntQZ3wKSdKV69iEJU2PFuwmgGO0\/EhFo1Y8cy3DmTURta14Qp4qKPRaZNrzydR4gVBm10v\/ABF\/HWctrVJwSMf0Cm\/9VTf9P8AqWNAl1tOztdIlr2\/3Mx3imzrSf5qfjqhJrNKCSBFdt\/7sZ2NeOs0nFIj\/AMYp0Yvy6zPwnX8f96lRaxTcJdo8AMz5DhWb\/wCoucUJ\/oFd\/baZfuFXtjZkbtF+RFWrGoYfWSRvbRt987budVvXLWGEhkaJTNkVkUjIdpG+q1Fi4JCdmCZSTujkPHv31A0pGisAnSg+0JALjutR9anqiOHlDLtL4ipMchHzlQjRT7xvBy5UVEgAHG9wR3dtcq9XHlsTWNrkWAA50X0HoLFJFJJJAZIcQY3KKQHshujLfK2\/LuoFpJdmJrZHZvnn4VD0V6RsfhkCQ4mRUG5bggdwIyo4zT5uVlmNF1i1rmTCGDDR9FtLssS3WAPrAKNx7b0P0VrescEKurBkj6N12WO1nkQVyy3i\/GgUHpmxv8VYJh\/1IUN+8gA07J6TYJP93RuFJ5oXjP8A2tXSenmt0P1i042KmDFbKgCRqbEqouRcjK5JufDlUiKc\/sRiP\/ngt4wts\/A0F07p+GRlOHheIWO0rS9IL33qSAQO+pmq+sEOxPhcSGEGI2SXUXMciXCSAcRmQR200AjTfPdT+j8O8sixxqWdyAoHE\/N6If6TBbq4zBsnBzKVFu1Stx5UZg07hdFxn6I\/0jGMCpn2SI4gf5IaxLdpFLNFNd9KpgcMmi4G2tiz4lwbbUuVk7bZHwA4Vn2Hk6SRQSbEi\/dcXPlTmjoPpMwQsAzkkvJIFW+8lnPOrdg\/Rq1wVxWCuDcWxIP\/AK0poiY98PMEjcBFRUSOP1Nk3FvVuWGR35+NUn0i4m2LSNCQ6pZ7Els2BAe5Njm2XAMKKQ6maSCBY8XhiBu\/eKSPusVuLcKhr6IMcWLko5JuW6UEkneSTvoygY1a0omC0fhpNmQsxeRnVVYli3R2z32At2VftHaDwzoJbN1iJes+Ssw2r7INgcwKoejNR9J4dQqokiBiyo7A7LGwYqQdxtmpBHGiOlMJpZouijgSEEEMY7Fm7blrDhwrlyldZWZa76SVtI4po26pkOY3EgAMfxA0JjmYHIkVYZ\/RRpBbEQSHusf80Lxur2LjLKYX2xkQQLj3107ST2pxvP5NcjltYk0VxGukcMKoELOL2UGynte2+qticY8dw42XU22c7jvFM4OIsdrZLuxsqgXJPcKdc8y5U3H674mXZ2yhVWDKhTqgjcRQ7HaWeW5JtfMgZC9c0nG6krJH0bcMrXqEpq05rl65tVN0jozohGRIj7a7XV2ur9lrgZ92VQCKzunMd269tUm1etUiga8TXLVy1SKvXtuk10CpD2itNDDxEIu1ITckjIDcBUDH6TfESBpLXtbIWyG4Ub0Dq9NNExhCi3rObkkgbRVQATkpBJ3C4quYpGVyGyIOdOhJ0WnWIPYaNTw7t+fxHEVA0E1nayqbgbxffyoxJmu4jO3GsWu\/Dj6FdKYDpAwHDatlzGVZ\/DgXclVRmI32Hbb41oODxJ2mDAAfW5G2VUvF4tocTIYmZbPcW7DfMcc65+O5sdv9HGeqhY\/R0kLbEiFG32O\/Oo1FdYNPyYyQSSBdrZCnZFr5k3tzzoZsHlXab\/XkpNer1q9UHdqvXrleqRYavbXzakV6pHklI3EjxqTDpaVPVlkXudh8DUK9KijLEAbyQPPIU7iwag10xqericQO6Vv1qdH6TdIruxc\/i9\/jTukvRpioXRBsOz3sF2gbgbVjtDLKq1j8C8LlJFKsN4NGy\/DZYsE3pM0g4IbFSkffI+FQP9WYg73v33PvvQYNS0A4tbwvTk\/p48rx+XCpZ2dtpiSSd9aX6PcCIRFO0auj9J0lzmsYFgFHJmLG\/wBkVmItfmK3DV\/V1oxDsYiCQOI+pmCg6Jbht4NnW9uJ76GfoB6Q9VhFhYCqEOItuQ5nrM7EA347IrLmFjW7626a6eCWNYm2mCvNKwsGIQlVThshSD41hEoz8BUnL0g11q9epOXr166DXekPZ5VImnFw7HcrH+k1zpjzNOHHPa2234jSil0bKf4b+It8a7NgHQXYAf1LfyvTBkPM+dcB8KU3DU3BywpDEqqTJE3RkEW\/eqDIxPcTlv6gNZ76TcDHHjZRCLRiyLvz2AFZhzBNzWo6EwUeHhhUzCaR1zYf7SNlbrbtor1Ce+qP6YIX2sO7rEnVZVWLNQq2GR47znWUqmrmELZi\/E+W6rOoysdoX3251J1ThSNAwjJUrvfJmPOw3DkKODGxg3EMd\/E\/E1x57r1eLlOPH2SY4yLdI\/gqn3E1Vdc9A4foTNF0nSLbavshSvE2Gd91OnGkf5qNLpEEENaxBBueBrXHhjHPny5fVENcvUrH4dUYhWVhwt+dRa6ODoY1IweFeVwiAEmo1F9D6RSC7e2RbduFSem1XxC3Oxe31WU1A\/Z8n8t\/wmj7a0jmaQdafvVIDk0fIu+Nx3qaZKEbwfKjza0NyPnTL6wE+zfvqQPSkYggjh\/mpzaW+wn4aYfGA+wnlShCbW7FMpVp5CCD7RBz7s6EFixzOfMmvMRytSaDbp2OG\/tKO8\/2qR+zsr9LDu3befdmKg3rt6dByPfX0FoDV5I8H0ccsbTtIjySfUEpDRw9tyADyvXz3etf1b0mxwCR4WJneWQS4lxns9HYKB2bj4GhDukJ51w+KdsQsmHGHkZV2bFcwiox9k7V8uQrDYo4zfbdlIysE2vfetZ1\/lGB0b9G2mM+KcSyA2BVBuU8iSN1Y4WoxJTCEcZW8FX43pHSRDcjnvf9FqMTXr0pIMyfyx4s39qSZxwRB5n4mlQ4\/Z3JH4rf40Rg1pkXcsQ\/41\/SpBl2O5R4LenVwkx3RyeEZ\/SjcWvcw9lfDKpCekJ+K+RoKtfTZUJF2U8eB+FNS4lnN2JY8zUjTGOE0rSKNnazI7ahCkN+0PrFhl0asEKsUVFVr7zJKdpwvcDe9AtZ9FocXhcLIS64bD7T3z68jbYU27xVZ1I9JBwSdHIiyKpLJcXKsRY9\/jUzRmlzK8uJlN5JmvnvAG6imLKdm3DwpO0tQFnvxru\/jXPHXSpdCoeHwFQ5dWozwo90fyAPzpQjPInwo7VrFSn1LjOe6oU2oq3yJFXsxcxlXThiMsvOrvWbxjNp9RGG4moz6lS8CK1IYY7iPnwrwwvZ55U910jJ21PnHs3phtWZ\/qX7q2E4QcreIpBwQyzHuq7joxttAzDehpo6MlHsN5Vs5wCm+42pJwKdh50910YwcE\/1W8qQcOw3qfKtqGBjHsg+FNPgYfqjyFP6Loxgxnka5sGtn\/ZEW7oxf7tJfQsWX7pc+BAq\/RdGMla9atlOrycIo\/Gm10Al7dGn4Qav0H5sgBoxq9rPNg22onKnsa1aVDqvExtaAEcGAW\/K1xXX1biRtkpFf7IVhR+0+K+KxnGlsZiMY5kcE355+JPGoi6vTH2a1wavkLcRsB2JlTIwi1fpp\/NmC6qzHl509HqdKeVaYcEOAAHdTsEKqOtGr+LA+FjRfJZ8hni1maakSHj7qfXUVuLb60L6MC26w7N4Hic6elwkQHUaUMOBUW9xqvPDPGzyLUQcWPhnT8eoycS1XXorcc6QcNfh891Pajoq2H9H6yGyK7d1OHUKFTZlcNyub+VWgRncDY8t166pIa4uGHG9z58Kzta6xWhqTAhzQ37b0RTRCLuVbCiuIxruAHdmA3Xzt41Fax4HI1e79ZvGfxyLARbPWLK3LYBHgQ16TFAL23D6zDL3V4vXZJDajK0\/\/9k=\" width=\"120\" height=\"60\" \/>\u00a0 S-Type (1999 ve Sonras\u0131)<\/strong><\/td>\n<\/tr>\n<tr>\n<td valign=\"top\" width=\"121\">2.7D V6<\/td>\n<td valign=\"top\" width=\"167\">207 PS \/ 152 KW<\/td>\n<td valign=\"top\" width=\"83\">Diesel<\/td>\n<td valign=\"top\" width=\"132\">235 PS \/ 173 KW<\/td>\n<td valign=\"top\" width=\"108\">+70 NM<\/td>\n<td valign=\"top\" width=\"84\"><\/td>\n<\/tr>\n<tr>\n<td colspan=\"6\" valign=\"top\" width=\"695\"><strong><img loading=\"lazy\" class=\"alignnone\" alt=\"\" src=\"http:\/\/media.caranddriver.com\/images\/03q4\/3088\/2004-jaguar-xj8-photo-3609-s-429x262.jpg\" width=\"119\" height=\"73\" \/>\u00a0 XJ (2003 ve Sonras\u0131)<\/strong><\/td>\n<\/tr>\n<tr>\n<td valign=\"top\" width=\"121\">2.7D V6<\/td>\n<td valign=\"top\" width=\"167\">207 PS \/ 152 KW<\/td>\n<td valign=\"top\" width=\"83\">Diesel<\/td>\n<td valign=\"top\" width=\"132\">235 PS \/ 173 KW<\/td>\n<td valign=\"top\" width=\"108\">+70 NM<\/td>\n<td valign=\"top\" width=\"84\"><\/td>\n<\/tr>\n<\/tbody>\n<\/table>\n","protected":false},"excerpt":{"rendered":"<p>Motor Yaz\u0131l\u0131m \u00d6ncesi Yak\u0131t Yaz\u0131l\u0131m Sonras\u0131 Tork Fiyat \u00a0 X-Type (2001 ve Sonras\u0131) 2.0D 131 PS \/ 96 KW Diesel 165 PS \/ 121 KW +70 NM 2.2D 146 PS \/ 107 KW Diesel 171 PS \/ 126 KW +65 NM 2.2D 155 PS \/ 114 KW Diesel 190 PS \/ 140 KW +70 NM [&hellip;]<\/p>\n","protected":false},"author":1,"featured_media":0,"parent":0,"menu_order":0,"comment_status":"open","ping_status":"open","template":"","meta":[],"_links":{"self":[{"href":"http:\/\/www.ottochips.com\/index.php?rest_route=\/wp\/v2\/pages\/130"}],"collection":[{"href":"http:\/\/www.ottochips.com\/index.php?rest_route=\/wp\/v2\/pages"}],"about":[{"href":"http:\/\/www.ottochips.com\/index.php?rest_route=\/wp\/v2\/types\/page"}],"author":[{"embeddable":true,"href":"http:\/\/www.ottochips.com\/index.php?rest_route=\/wp\/v2\/users\/1"}],"replies":[{"embeddable":true,"href":"http:\/\/www.ottochips.com\/index.php?rest_route=%2Fwp%2Fv2%2Fcomments&post=130"}],"version-history":[{"count":4,"href":"http:\/\/www.ottochips.com\/index.php?rest_route=\/wp\/v2\/pages\/130\/revisions"}],"predecessor-version":[{"id":615,"href":"http:\/\/www.ottochips.com\/index.php?rest_route=\/wp\/v2\/pages\/130\/revisions\/615"}],"wp:attachment":[{"href":"http:\/\/www.ottochips.com\/index.php?rest_route=%2Fwp%2Fv2%2Fmedia&parent=130"}],"curies":[{"name":"wp","href":"https:\/\/api.w.org\/{rel}","templated":true}]}}