{"id":134,"date":"2014-03-29T13:07:16","date_gmt":"2014-03-29T11:07:16","guid":{"rendered":"http:\/\/www.ottochips.com\/?page_id=134"},"modified":"2014-05-17T10:59:22","modified_gmt":"2014-05-17T07:59:22","slug":"jeep","status":"publish","type":"page","link":"http:\/\/www.ottochips.com\/?page_id=134","title":{"rendered":"Jeep"},"content":{"rendered":"<table width=\"696\" border=\"1\" cellspacing=\"0\" cellpadding=\"0\">\n<tbody>\n<tr>\n<td valign=\"top\" width=\"132\"><strong>Motor<\/strong><\/td>\n<td valign=\"top\" width=\"156\"><strong>Yaz\u0131l\u0131m \u00d6ncesi<\/strong><\/td>\n<td valign=\"top\" width=\"84\"><strong>Yak\u0131t<\/strong><\/td>\n<td valign=\"top\" width=\"132\"><strong>Yaz\u0131l\u0131m Sonras\u0131<\/strong><\/td>\n<td valign=\"top\" width=\"108\"><strong>Tork<\/strong><\/td>\n<td valign=\"top\" width=\"84\"><strong>Fiyat<\/strong><\/td>\n<\/tr>\n<tr>\n<td colspan=\"6\" valign=\"top\" width=\"696\"><strong><img loading=\"lazy\" class=\"alignnone\" alt=\"\" src=\"http:\/\/upload.wikimedia.org\/wikipedia\/commons\/c\/c7\/Jeep_Grand_Cherokee_WJ_34h.jpg\" width=\"131\" height=\"79\" \/>\u00a0 Jeep (Grand) Cherokee<\/strong><\/td>\n<\/tr>\n<tr>\n<td valign=\"top\" width=\"132\">2.5 TD<\/td>\n<td valign=\"top\" width=\"156\">115 PS \/ 85 KW<\/td>\n<td valign=\"top\" width=\"84\">Diesel<\/td>\n<td valign=\"top\" width=\"132\">139 PS \/ 102 KW<\/td>\n<td valign=\"top\" width=\"108\">+60 NM<\/td>\n<td valign=\"top\" width=\"84\"><\/td>\n<\/tr>\n<tr>\n<td valign=\"top\" width=\"132\">2.5 CRD<\/td>\n<td valign=\"top\" width=\"156\">143 PS \/ 105 KW<\/td>\n<td valign=\"top\" width=\"84\">Diesel<\/td>\n<td valign=\"top\" width=\"132\">176 PS \/ 130 KW<\/td>\n<td valign=\"top\" width=\"108\">+65 NM<\/td>\n<td valign=\"top\" width=\"84\"><\/td>\n<\/tr>\n<tr>\n<td valign=\"top\" width=\"132\">2.7 CRD<\/td>\n<td valign=\"top\" width=\"156\">163 PS \/ 120 KW<\/td>\n<td valign=\"top\" width=\"84\">Diesel<\/td>\n<td valign=\"top\" width=\"132\">194 PS \/ 143 KW<\/td>\n<td valign=\"top\" width=\"108\">+75 NM<\/td>\n<td valign=\"top\" width=\"84\"><\/td>\n<\/tr>\n<tr>\n<td valign=\"top\" width=\"132\">2.8 CRD<\/td>\n<td valign=\"top\" width=\"156\">150 PS \/ 110 KW<\/td>\n<td valign=\"top\" width=\"84\">Diesel<\/td>\n<td valign=\"top\" width=\"132\">189 PS \/ 139 KW<\/td>\n<td valign=\"top\" width=\"108\">+65 NM<\/td>\n<td valign=\"top\" width=\"84\"><\/td>\n<\/tr>\n<tr>\n<td valign=\"top\" width=\"132\">2.8 CRD<\/td>\n<td valign=\"top\" width=\"156\">163 PS \/ 120 KW<\/td>\n<td valign=\"top\" width=\"84\">Diesel<\/td>\n<td valign=\"top\" width=\"132\">194 PS \/ 143 KW<\/td>\n<td valign=\"top\" width=\"108\">+65 NM<\/td>\n<td valign=\"top\" width=\"84\"><\/td>\n<\/tr>\n<tr>\n<td valign=\"top\" width=\"132\">3.0 CRD V6<\/td>\n<td valign=\"top\" width=\"156\">218 PS \/ 160 KW<\/td>\n<td valign=\"top\" width=\"84\">Diesel<\/td>\n<td valign=\"top\" width=\"132\">253 PS \/ 186 KW<\/td>\n<td valign=\"top\" width=\"108\">+75 NM<\/td>\n<td valign=\"top\" width=\"84\"><\/td>\n<\/tr>\n<tr>\n<td valign=\"top\" width=\"132\">3.1 TD<\/td>\n<td valign=\"top\" width=\"156\">140 PS \/ 103 KW<\/td>\n<td valign=\"top\" width=\"84\">Diesel<\/td>\n<td valign=\"top\" width=\"132\">165 PS \/ 121 KW<\/td>\n<td valign=\"top\" width=\"108\">+60 NM<\/td>\n<td valign=\"top\" width=\"84\"><\/td>\n<\/tr>\n<tr>\n<td colspan=\"6\" valign=\"top\" width=\"696\"><strong><img loading=\"lazy\" class=\"alignnone\" alt=\"\" src=\"http:\/\/static.cargurus.com\/images\/site\/2007\/09\/30\/20\/48\/2008_jeep_commander-pic-9470.jpeg\" width=\"130\" height=\"93\" \/>\u00a0 Jeep Commander (2006 ve Sonras\u0131)<\/strong><\/td>\n<\/tr>\n<tr>\n<td valign=\"top\" width=\"132\">3.0 CRD V6<\/td>\n<td valign=\"top\" width=\"156\">218 PS \/ 160 KW<\/td>\n<td valign=\"top\" width=\"84\">Diesel<\/td>\n<td valign=\"top\" width=\"132\">253 PS \/ 186 KW<\/td>\n<td valign=\"top\" width=\"108\">+75 NM<\/td>\n<td valign=\"top\" width=\"84\"><\/td>\n<\/tr>\n<tr>\n<td colspan=\"6\" valign=\"top\" width=\"696\"><strong><img loading=\"lazy\" class=\"alignnone\" alt=\"\" src=\"http:\/\/www.blogcdn.com\/www.autoblog.com\/media\/2008\/08\/jeepcompass_abg_01_opt.jpg\" width=\"130\" height=\"95\" \/>\u00a0 Jeep Compass (2007 ve Sonras\u0131)<\/strong><\/td>\n<\/tr>\n<tr>\n<td valign=\"top\" width=\"132\">2.0 CRD<\/td>\n<td valign=\"top\" width=\"156\">140 PS \/ 103 KW<\/td>\n<td valign=\"top\" width=\"84\">Diesel<\/td>\n<td valign=\"top\" width=\"132\">173 PS \/ 127 KW<\/td>\n<td valign=\"top\" width=\"108\">+65 NM<\/td>\n<td valign=\"top\" width=\"84\"><\/td>\n<\/tr>\n<tr>\n<td colspan=\"6\" valign=\"top\" width=\"696\"><strong><img loading=\"lazy\" class=\"alignnone\" alt=\"\" src=\"http:\/\/3.bp.blogspot.com\/-FX9iaVB7a34\/Trc3ntppHLI\/AAAAAAAAAzs\/05Y_GTNmTW4\/s1600\/wrangler_jeep+pic+4.jpg\" width=\"130\" height=\"89\" \/>\u00a0 Jeep Wrangler<\/strong><\/td>\n<\/tr>\n<tr>\n<td valign=\"top\" width=\"132\">2.8 CRD<\/td>\n<td valign=\"top\" width=\"156\">177 PS \/ 130 KW<\/td>\n<td valign=\"top\" width=\"84\">Diesel<\/td>\n<td valign=\"top\" width=\"132\">210 PS \/ 154 KW<\/td>\n<td valign=\"top\" width=\"108\">+66 NM<\/td>\n<td valign=\"top\" width=\"84\"><\/td>\n<\/tr>\n<\/tbody>\n<\/table>\n","protected":false},"excerpt":{"rendered":"<p>Motor Yaz\u0131l\u0131m \u00d6ncesi Yak\u0131t Yaz\u0131l\u0131m Sonras\u0131 Tork Fiyat \u00a0 Jeep (Grand) Cherokee 2.5 TD 115 PS \/ 85 KW Diesel 139 PS \/ 102 KW +60 NM 2.5 CRD 143 PS \/ 105 KW Diesel 176 PS \/ 130 KW +65 NM 2.7 CRD 163 PS \/ 120 KW Diesel 194 PS \/ 143 KW [&hellip;]<\/p>\n","protected":false},"author":1,"featured_media":0,"parent":0,"menu_order":0,"comment_status":"open","ping_status":"open","template":"","meta":[],"_links":{"self":[{"href":"http:\/\/www.ottochips.com\/index.php?rest_route=\/wp\/v2\/pages\/134"}],"collection":[{"href":"http:\/\/www.ottochips.com\/index.php?rest_route=\/wp\/v2\/pages"}],"about":[{"href":"http:\/\/www.ottochips.com\/index.php?rest_route=\/wp\/v2\/types\/page"}],"author":[{"embeddable":true,"href":"http:\/\/www.ottochips.com\/index.php?rest_route=\/wp\/v2\/users\/1"}],"replies":[{"embeddable":true,"href":"http:\/\/www.ottochips.com\/index.php?rest_route=%2Fwp%2Fv2%2Fcomments&post=134"}],"version-history":[{"count":4,"href":"http:\/\/www.ottochips.com\/index.php?rest_route=\/wp\/v2\/pages\/134\/revisions"}],"predecessor-version":[{"id":618,"href":"http:\/\/www.ottochips.com\/index.php?rest_route=\/wp\/v2\/pages\/134\/revisions\/618"}],"wp:attachment":[{"href":"http:\/\/www.ottochips.com\/index.php?rest_route=%2Fwp%2Fv2%2Fmedia&parent=134"}],"curies":[{"name":"wp","href":"https:\/\/api.w.org\/{rel}","templated":true}]}}