{"id":177,"date":"2014-03-29T23:26:16","date_gmt":"2014-03-29T21:26:16","guid":{"rendered":"http:\/\/www.ottochips.com\/?page_id=177"},"modified":"2014-05-22T22:39:20","modified_gmt":"2014-05-22T19:39:20","slug":"mini","status":"publish","type":"page","link":"http:\/\/www.ottochips.com\/?page_id=177","title":{"rendered":"Mini"},"content":{"rendered":"<table width=\"696\" border=\"1\" cellspacing=\"0\" cellpadding=\"0\">\n<tbody>\n<tr>\n<td valign=\"top\" width=\"132\"><strong>Motor<\/strong><\/td>\n<td valign=\"top\" width=\"156\"><strong>Yaz\u0131l\u0131m \u00d6ncesi<\/strong><\/td>\n<td valign=\"top\" width=\"96\"><strong>Yak\u0131t<\/strong><\/td>\n<td valign=\"top\" width=\"132\"><strong>Yaz\u0131l\u0131m Sonras\u0131<\/strong><\/td>\n<td valign=\"top\" width=\"108\"><strong>Tork<\/strong><\/td>\n<td valign=\"top\" width=\"72\"><strong>Fiyat<\/strong><\/td>\n<\/tr>\n<tr>\n<td valign=\"top\" width=\"132\"><img loading=\"lazy\" class=\"alignnone\" alt=\"\" src=\"http:\/\/www.kimkazandi.com\/imagearea\/campaignbase\/Mini_One_D_Resimleri.jpg\" width=\"132\" height=\"98\" \/>One D 1.4 TDI<\/td>\n<td valign=\"top\" width=\"156\">75 PS \/ 55 KW<\/td>\n<td valign=\"top\" width=\"96\">Diesel<\/td>\n<td valign=\"top\" width=\"132\">104 PS \/ 76 KW<\/td>\n<td valign=\"top\" width=\"108\">+60 NM<\/td>\n<td valign=\"top\" width=\"72\"><\/td>\n<\/tr>\n<tr>\n<td valign=\"top\" width=\"132\">One D 1.4 D<\/td>\n<td valign=\"top\" width=\"156\">88 PS \/ 65 KW<\/td>\n<td valign=\"top\" width=\"96\">Diesel<\/td>\n<td valign=\"top\" width=\"132\">120 PS \/ 88 KW<\/td>\n<td valign=\"top\" width=\"108\">+65 NM<\/td>\n<td valign=\"top\" width=\"72\"><\/td>\n<\/tr>\n<tr>\n<td valign=\"top\" width=\"132\">One 1.6<\/td>\n<td valign=\"top\" width=\"156\">90 PS \/ 66 KW<\/td>\n<td valign=\"top\" width=\"96\">Benzin<\/td>\n<td valign=\"top\" width=\"132\">125 PS \/ 92 KW<\/td>\n<td valign=\"top\" width=\"108\">+23 NM<\/td>\n<td valign=\"top\" width=\"72\"><\/td>\n<\/tr>\n<tr>\n<td valign=\"top\" width=\"132\">One 1.6D<\/td>\n<td valign=\"top\" width=\"156\">110 PS \/ 81 KW<\/td>\n<td valign=\"top\" width=\"96\">Benzin<\/td>\n<td valign=\"top\" width=\"132\">135 PS \/ 99 KW<\/td>\n<td valign=\"top\" width=\"108\">+60 NM<\/td>\n<td valign=\"top\" width=\"72\"><\/td>\n<\/tr>\n<tr>\n<td valign=\"top\" width=\"132\">Cooper 1.6<\/td>\n<td valign=\"top\" width=\"156\">115 PS \/ 85 KW<\/td>\n<td valign=\"top\" width=\"96\">Benzin<\/td>\n<td valign=\"top\" width=\"132\">129 PS \/ 95 KW<\/td>\n<td valign=\"top\" width=\"108\">+18 NM<\/td>\n<td valign=\"top\" width=\"72\"><\/td>\n<\/tr>\n<tr>\n<td valign=\"top\" width=\"132\">Cooper S 1.6<\/td>\n<td valign=\"top\" width=\"156\">163 PS \/ 120 KW<\/td>\n<td valign=\"top\" width=\"96\">Benzin<\/td>\n<td valign=\"top\" width=\"132\">183 PS \/ 135 KW<\/td>\n<td valign=\"top\" width=\"108\">+25 NM<\/td>\n<td valign=\"top\" width=\"72\"><\/td>\n<\/tr>\n<tr>\n<td valign=\"top\" width=\"132\">Cooper S 1.6<\/td>\n<td valign=\"top\" width=\"156\">163 PS \/ 120 KW<\/td>\n<td valign=\"top\" width=\"96\">Benzin<\/td>\n<td valign=\"top\" width=\"132\">204 PS\u00a0 \/ 150 KW<\/td>\n<td valign=\"top\" width=\"108\">+56 NM<\/td>\n<td valign=\"top\" width=\"72\"><\/td>\n<\/tr>\n<tr>\n<td colspan=\"6\" valign=\"top\" width=\"696\"><img loading=\"lazy\" class=\"alignnone\" alt=\"\" src=\"http:\/\/img03.blogcu.com\/images\/t\/a\/t\/tatil-vitrini\/3fdffb2b7387e4554f9f626dbd440eb8_1290111088.jpg\" width=\"133\" height=\"100\" \/><\/td>\n<\/tr>\n<tr>\n<td valign=\"top\" width=\"132\">Cooper S 1.6<\/td>\n<td valign=\"top\" width=\"156\">170 PS \/ 125 KW<\/td>\n<td valign=\"top\" width=\"96\">Benzin<\/td>\n<td valign=\"top\" width=\"132\">190 PS \/ 140 KW<\/td>\n<td valign=\"top\" width=\"108\">+27 NM<\/td>\n<td valign=\"top\" width=\"72\"><\/td>\n<\/tr>\n<tr>\n<td valign=\"top\" width=\"132\">Cooper S 1.6<\/td>\n<td valign=\"top\" width=\"156\">170 PS \/ 125 KW<\/td>\n<td valign=\"top\" width=\"96\">Benzin<\/td>\n<td valign=\"top\" width=\"132\">208 PS \/ 153 KW<\/td>\n<td valign=\"top\" width=\"108\">+65 NM<\/td>\n<td valign=\"top\" width=\"72\"><\/td>\n<\/tr>\n<tr>\n<td colspan=\"6\" valign=\"top\" width=\"696\"><\/td>\n<\/tr>\n<tr>\n<td valign=\"top\" width=\"132\">Cooper S 1.6<\/td>\n<td valign=\"top\" width=\"156\">200 PS \/ 125 KW<\/td>\n<td valign=\"top\" width=\"96\">Benzin<\/td>\n<td valign=\"top\" width=\"132\">224 PS \/ 165 KW<\/td>\n<td valign=\"top\" width=\"108\">+29 NM<\/td>\n<td valign=\"top\" width=\"72\"><\/td>\n<\/tr>\n<tr>\n<td valign=\"top\" width=\"132\">Cooper S 1.6<\/td>\n<td valign=\"top\" width=\"156\">200 PS \/ 147 KW<\/td>\n<td valign=\"top\" width=\"96\">Benzin<\/td>\n<td valign=\"top\" width=\"132\">245 PS \/ 180 KW<\/td>\n<td valign=\"top\" width=\"108\">+65 NM<\/td>\n<td valign=\"top\" width=\"72\"><\/td>\n<\/tr>\n<tr>\n<td colspan=\"6\" valign=\"top\" width=\"696\"><\/td>\n<\/tr>\n<tr>\n<td valign=\"top\" width=\"132\">Cooper 1.6 Turbo<\/td>\n<td valign=\"top\" width=\"156\">175 PS \/ 128 KW<\/td>\n<td valign=\"top\" width=\"96\">Benzin<\/td>\n<td valign=\"top\" width=\"132\">195 PS \/ 143 KW<\/td>\n<td valign=\"top\" width=\"108\">+55 NM<\/td>\n<td valign=\"top\" width=\"72\"><\/td>\n<\/tr>\n<\/tbody>\n<\/table>\n","protected":false},"excerpt":{"rendered":"<p>Motor Yaz\u0131l\u0131m \u00d6ncesi Yak\u0131t Yaz\u0131l\u0131m Sonras\u0131 Tork Fiyat One D 1.4 TDI 75 PS \/ 55 KW Diesel 104 PS \/ 76 KW +60 NM One D 1.4 D 88 PS \/ 65 KW Diesel 120 PS \/ 88 KW +65 NM One 1.6 90 PS \/ 66 KW Benzin 125 PS \/ 92 KW [&hellip;]<\/p>\n","protected":false},"author":1,"featured_media":0,"parent":0,"menu_order":0,"comment_status":"open","ping_status":"open","template":"","meta":[],"_links":{"self":[{"href":"http:\/\/www.ottochips.com\/index.php?rest_route=\/wp\/v2\/pages\/177"}],"collection":[{"href":"http:\/\/www.ottochips.com\/index.php?rest_route=\/wp\/v2\/pages"}],"about":[{"href":"http:\/\/www.ottochips.com\/index.php?rest_route=\/wp\/v2\/types\/page"}],"author":[{"embeddable":true,"href":"http:\/\/www.ottochips.com\/index.php?rest_route=\/wp\/v2\/users\/1"}],"replies":[{"embeddable":true,"href":"http:\/\/www.ottochips.com\/index.php?rest_route=%2Fwp%2Fv2%2Fcomments&post=177"}],"version-history":[{"count":5,"href":"http:\/\/www.ottochips.com\/index.php?rest_route=\/wp\/v2\/pages\/177\/revisions"}],"predecessor-version":[{"id":642,"href":"http:\/\/www.ottochips.com\/index.php?rest_route=\/wp\/v2\/pages\/177\/revisions\/642"}],"wp:attachment":[{"href":"http:\/\/www.ottochips.com\/index.php?rest_route=%2Fwp%2Fv2%2Fmedia&parent=177"}],"curies":[{"name":"wp","href":"https:\/\/api.w.org\/{rel}","templated":true}]}}