{"id":2,"date":"2014-03-26T10:05:12","date_gmt":"2014-03-26T10:05:12","guid":{"rendered":"http:\/\/www.ottochips.com\/?page_id=2"},"modified":"2016-12-02T13:37:15","modified_gmt":"2016-12-02T11:37:15","slug":"ornek-sayfa","status":"publish","type":"page","link":"http:\/\/www.ottochips.com\/?page_id=2","title":{"rendered":"\u0130leti\u015fim Bilgileri"},"content":{"rendered":"<p><strong>oTToChips ChipTuning &amp; Remapping<\/strong><\/p>\n<p><strong>Ataman Karina Sitesi B2 Blok (\u00c7am\u00e7esme Mah. Ayd\u0131nl\u0131 Yolu \u00dczeri) Kaynarca-Pendik- \u0130stanbul<\/strong><\/p>\n<p><strong>Tel\u00a0 :: 0532 276 47 61<\/strong><\/p>\n<p><strong>Email :: ottochips@hotmail.com<\/strong><\/p>\n<p><strong>Facebook :: ottochips<\/strong><\/p>\n<p><strong>Instagram :: ottochips<\/strong><\/p>\n<p><span style=\"color: #ff0000;\"><strong>Uygulamalar\u0131m\u0131z\u0131 oTToChips Facebook adresimizden takip edebilirsiniz. <a class=\"btn black small\" style=\"color: #ff0000;\" href=\"https:\/\/www.facebook.com\/pages\/Ottochip\/647241742010137#\">oTToChips_Uygulamalar<\/a><\/strong><\/span><\/p>\n","protected":false},"excerpt":{"rendered":"<p>oTToChips ChipTuning &amp; Remapping Ataman Karina Sitesi B2 Blok (\u00c7am\u00e7esme Mah. Ayd\u0131nl\u0131 Yolu \u00dczeri) Kaynarca-Pendik- \u0130stanbul Tel\u00a0 :: 0532 276 47 61 Email :: ottochips@hotmail.com Facebook :: ottochips Instagram :: ottochips Uygulamalar\u0131m\u0131z\u0131 oTToChips Facebook adresimizden takip edebilirsiniz. oTToChips_Uygulamalar<\/p>\n","protected":false},"author":1,"featured_media":0,"parent":0,"menu_order":0,"comment_status":"open","ping_status":"open","template":"","meta":[],"_links":{"self":[{"href":"http:\/\/www.ottochips.com\/index.php?rest_route=\/wp\/v2\/pages\/2"}],"collection":[{"href":"http:\/\/www.ottochips.com\/index.php?rest_route=\/wp\/v2\/pages"}],"about":[{"href":"http:\/\/www.ottochips.com\/index.php?rest_route=\/wp\/v2\/types\/page"}],"author":[{"embeddable":true,"href":"http:\/\/www.ottochips.com\/index.php?rest_route=\/wp\/v2\/users\/1"}],"replies":[{"embeddable":true,"href":"http:\/\/www.ottochips.com\/index.php?rest_route=%2Fwp%2Fv2%2Fcomments&post=2"}],"version-history":[{"count":7,"href":"http:\/\/www.ottochips.com\/index.php?rest_route=\/wp\/v2\/pages\/2\/revisions"}],"predecessor-version":[{"id":790,"href":"http:\/\/www.ottochips.com\/index.php?rest_route=\/wp\/v2\/pages\/2\/revisions\/790"}],"wp:attachment":[{"href":"http:\/\/www.ottochips.com\/index.php?rest_route=%2Fwp%2Fv2%2Fmedia&parent=2"}],"curies":[{"name":"wp","href":"https:\/\/api.w.org\/{rel}","templated":true}]}}