{"id":220,"date":"2014-03-29T23:40:25","date_gmt":"2014-03-29T21:40:25","guid":{"rendered":"http:\/\/www.ottochips.com\/?page_id=220"},"modified":"2015-09-21T22:42:24","modified_gmt":"2015-09-21T19:42:24","slug":"ssang-yong","status":"publish","type":"page","link":"http:\/\/www.ottochips.com\/?page_id=220","title":{"rendered":"Ssang Yong"},"content":{"rendered":"<table border=\"1\" width=\"696\" cellspacing=\"0\" cellpadding=\"0\">\n<tbody>\n<tr>\n<td valign=\"top\" width=\"108\"><strong>Motor<\/strong><\/td>\n<td valign=\"top\" width=\"168\"><strong>Yaz\u0131l\u0131m \u00d6ncesi<\/strong><\/td>\n<td valign=\"top\" width=\"108\"><strong>Yak\u0131t<\/strong><\/td>\n<td valign=\"top\" width=\"132\"><strong>Yaz\u0131l\u0131m Sonras\u0131<br \/>\n<\/strong><\/td>\n<td valign=\"top\" width=\"108\"><strong>Tork Art\u0131\u015f\u0131<br \/>\n<\/strong><\/td>\n<td valign=\"top\" width=\"72\"><strong>Fiyat<\/strong><\/td>\n<\/tr>\n<tr>\n<td colspan=\"6\" valign=\"top\" width=\"696\"><strong><img loading=\"lazy\" class=\"alignnone\" src=\"http:\/\/resim.donanimhaber.com\/upfiles\/444671\/A92658E4539444009B0FC95D3FC4FF97.jpg\" alt=\"\" width=\"107\" height=\"71\" \/>\u00a0\u00a0 Actyon\u00a0\u00a0 <img loading=\"lazy\" class=\"alignnone\" src=\"https:\/\/encrypted-tbn2.gstatic.com\/images?q=tbn:ANd9GcTD9M182UX6l4fSXf1QOo6yIkPJkKBZNWzVwQoZsKoyshyUMTiZ\" alt=\"\" width=\"120\" height=\"67\" \/><br \/>\n<\/strong><\/td>\n<\/tr>\n<tr>\n<td valign=\"top\" width=\"108\">2.0 XDI<\/td>\n<td valign=\"top\" width=\"168\">141 PS \/ 104 KW<\/td>\n<td valign=\"top\" width=\"108\">Diesel<\/td>\n<td valign=\"top\" width=\"132\">171 PS \/ 126 KW<\/td>\n<td valign=\"top\" width=\"108\">+66 NM<\/td>\n<td valign=\"top\" width=\"72\"><\/td>\n<\/tr>\n<tr>\n<td valign=\"top\" width=\"108\">230 2.3<\/td>\n<td valign=\"top\" width=\"168\">150 PS \/ 110 KW<\/td>\n<td valign=\"top\" width=\"108\">Benzin<\/td>\n<td valign=\"top\" width=\"132\">168 PS \/ 124 KW<\/td>\n<td valign=\"top\" width=\"108\">+15 NM<\/td>\n<td valign=\"top\" width=\"72\"><\/td>\n<\/tr>\n<tr>\n<td colspan=\"6\" valign=\"top\" width=\"696\"><strong><img loading=\"lazy\" class=\"alignnone\" src=\"https:\/\/encrypted-tbn3.gstatic.com\/images?q=tbn:ANd9GcT8JsctWHUI4Bw20b2SAui0NcYFXb0JTQxNqoFhVk6UasWNli00\" alt=\"\" width=\"108\" height=\"76\" \/>\u00a0\u00a0 Korando<\/strong><\/td>\n<\/tr>\n<tr>\n<td valign=\"top\" width=\"108\">E23 2.3<\/td>\n<td valign=\"top\" width=\"168\">143 PS \/ 105 KW<\/td>\n<td valign=\"top\" width=\"108\">Benzin<\/td>\n<td valign=\"top\" width=\"132\">157 PS \/ 115 KW<\/td>\n<td valign=\"top\" width=\"108\">+16 NM<\/td>\n<td valign=\"top\" width=\"72\"><\/td>\n<\/tr>\n<tr>\n<td valign=\"top\" width=\"108\">2.9 TD<\/td>\n<td valign=\"top\" width=\"168\">120 PS \/ 88 KW<\/td>\n<td valign=\"top\" width=\"108\">Diesel<\/td>\n<td valign=\"top\" width=\"132\">145 PS \/ 107 KW<\/td>\n<td valign=\"top\" width=\"108\">+65 NM<\/td>\n<td valign=\"top\" width=\"72\"><\/td>\n<\/tr>\n<tr>\n<td colspan=\"6\" valign=\"top\" width=\"696\"><strong><img loading=\"lazy\" class=\"alignnone\" src=\"https:\/\/encrypted-tbn2.gstatic.com\/images?q=tbn:ANd9GcQshNbtNvWbVmed02DglesBZbq9bqJtKETYcLMCejRrwneDD7er\" alt=\"\" width=\"107\" height=\"71\" \/>\u00a0\u00a0 Kyron<\/strong><\/td>\n<\/tr>\n<tr>\n<td valign=\"top\" width=\"108\">2.0 XDI<\/td>\n<td valign=\"top\" width=\"168\">141 PS \/ 104 KW<\/td>\n<td valign=\"top\" width=\"108\">Diesel<\/td>\n<td valign=\"top\" width=\"132\">171 PS \/ 126 KW<\/td>\n<td valign=\"top\" width=\"108\">+66 NM<\/td>\n<td valign=\"top\" width=\"72\"><\/td>\n<\/tr>\n<tr>\n<td colspan=\"6\" valign=\"top\" width=\"696\"><strong><img loading=\"lazy\" class=\"alignnone\" src=\"https:\/\/encrypted-tbn0.gstatic.com\/images?q=tbn:ANd9GcQeglbEuHeGd1MpbcUKM9Rt0YNJezcG_68CSU8t6r1znKZw1TXN\" alt=\"\" width=\"107\" height=\"80\" \/>\u00a0\u00a0 Musso<\/strong><\/td>\n<\/tr>\n<tr>\n<td valign=\"top\" width=\"108\">E23 2.3<\/td>\n<td valign=\"top\" width=\"168\">140 PS \/ 103 KW<\/td>\n<td valign=\"top\" width=\"108\">Benzin<\/td>\n<td valign=\"top\" width=\"132\">157 PS \/ 115 KW<\/td>\n<td valign=\"top\" width=\"108\">+16 NM<\/td>\n<td valign=\"top\" width=\"72\"><\/td>\n<\/tr>\n<tr>\n<td valign=\"top\" width=\"108\">2.9 TD<\/td>\n<td valign=\"top\" width=\"168\">120 PS \/ 88 KW<\/td>\n<td valign=\"top\" width=\"108\">Diesel<\/td>\n<td valign=\"top\" width=\"132\">145 PS \/ 107 KW<\/td>\n<td valign=\"top\" width=\"108\">+65 NM<\/td>\n<td valign=\"top\" width=\"72\"><\/td>\n<\/tr>\n<tr>\n<td valign=\"top\" width=\"108\">E32 3.2<\/td>\n<td valign=\"top\" width=\"168\">220 PS \/ 162 KW<\/td>\n<td valign=\"top\" width=\"108\">Benzin<\/td>\n<td valign=\"top\" width=\"132\">237 PS \/ 174 KW<\/td>\n<td valign=\"top\" width=\"108\">+20 NM<\/td>\n<td valign=\"top\" width=\"72\"><\/td>\n<\/tr>\n<tr>\n<td colspan=\"6\" valign=\"top\" width=\"696\"><strong><img loading=\"lazy\" class=\"alignnone\" src=\"https:\/\/encrypted-tbn1.gstatic.com\/images?q=tbn:ANd9GcSbDpCYliNXNlz6xaJpIgHywr4FYy3LjiAgZIB0_dSIkis3u2K7uQ\" alt=\"\" width=\"108\" height=\"81\" \/>\u00a0\u00a0 Rexton<\/strong><\/td>\n<\/tr>\n<tr>\n<td valign=\"top\" width=\"108\">RX 230 2.3<\/td>\n<td valign=\"top\" width=\"168\">150 PS \/ 110 KW<\/td>\n<td valign=\"top\" width=\"108\">Benzin<\/td>\n<td valign=\"top\" width=\"132\">168 PS \/ 124 KW<\/td>\n<td valign=\"top\" width=\"108\">+15 NM<\/td>\n<td valign=\"top\" width=\"72\"><\/td>\n<\/tr>\n<tr>\n<td valign=\"top\" width=\"108\">270 Xdi 2.7<\/td>\n<td valign=\"top\" width=\"168\">163 PS \/ 120 KW<\/td>\n<td valign=\"top\" width=\"108\">Diesel<\/td>\n<td valign=\"top\" width=\"132\">198 PS \/ 146 KW<\/td>\n<td valign=\"top\" width=\"108\">+65 NM<\/td>\n<td valign=\"top\" width=\"72\"><\/td>\n<\/tr>\n<tr>\n<td valign=\"top\" width=\"108\">270 XVT 2.7<\/td>\n<td valign=\"top\" width=\"168\">186 PS \/ 137 KW<\/td>\n<td valign=\"top\" width=\"108\">Diesel<\/td>\n<td valign=\"top\" width=\"132\">211 PS \/ 155 KW<\/td>\n<td valign=\"top\" width=\"108\">+60 NM<\/td>\n<td valign=\"top\" width=\"72\"><\/td>\n<\/tr>\n<tr>\n<td valign=\"top\" width=\"108\">2.9 TD<\/td>\n<td valign=\"top\" width=\"168\">120 PS \/ 88 KW<\/td>\n<td valign=\"top\" width=\"108\">Diesel<\/td>\n<td valign=\"top\" width=\"132\">145 PS \/ 107 KW<\/td>\n<td valign=\"top\" width=\"108\">+65 NM<\/td>\n<td valign=\"top\" width=\"72\"><\/td>\n<\/tr>\n<tr>\n<td valign=\"top\" width=\"108\">3.2<\/td>\n<td valign=\"top\" width=\"168\">220 PS \/ 162 KW<\/td>\n<td valign=\"top\" width=\"108\">Benzin<\/td>\n<td valign=\"top\" width=\"132\">237 PS \/ 174 KW<\/td>\n<td valign=\"top\" width=\"108\">+20 NM<\/td>\n<td valign=\"top\" width=\"72\"><\/td>\n<\/tr>\n<tr>\n<td colspan=\"6\" valign=\"top\" width=\"696\"><strong><img loading=\"lazy\" class=\"alignnone\" src=\"https:\/\/encrypted-tbn1.gstatic.com\/images?q=tbn:ANd9GcQqS-O8b9553KPShZtZiW636ukFrJAcOSMbRXEx-71tr1D37P-L\" alt=\"\" width=\"107\" height=\"80\" \/>\u00a0\u00a0 Rodius<\/strong><\/td>\n<\/tr>\n<tr>\n<td valign=\"top\" width=\"108\">270 Xdi 2.7<\/td>\n<td valign=\"top\" width=\"168\">163 PS \/ 120 KW<\/td>\n<td valign=\"top\" width=\"108\">Diesel<\/td>\n<td valign=\"top\" width=\"132\">198 PS \/ 146 KW<\/td>\n<td valign=\"top\" width=\"108\">+65 NM<\/td>\n<td valign=\"top\" width=\"72\"><\/td>\n<\/tr>\n<\/tbody>\n<\/table>\n","protected":false},"excerpt":{"rendered":"<p>Motor Yaz\u0131l\u0131m \u00d6ncesi Yak\u0131t Yaz\u0131l\u0131m Sonras\u0131 Tork Art\u0131\u015f\u0131 Fiyat \u00a0\u00a0 Actyon\u00a0\u00a0 2.0 XDI 141 PS \/ 104 KW Diesel 171 PS \/ 126 KW +66 NM 230 2.3 150 PS \/ 110 KW Benzin 168 PS \/ 124 KW +15 NM \u00a0\u00a0 Korando E23 2.3 143 PS \/ 105 KW Benzin 157 PS \/ 115 [&hellip;]<\/p>\n","protected":false},"author":1,"featured_media":0,"parent":0,"menu_order":0,"comment_status":"open","ping_status":"open","template":"","meta":[],"_links":{"self":[{"href":"http:\/\/www.ottochips.com\/index.php?rest_route=\/wp\/v2\/pages\/220"}],"collection":[{"href":"http:\/\/www.ottochips.com\/index.php?rest_route=\/wp\/v2\/pages"}],"about":[{"href":"http:\/\/www.ottochips.com\/index.php?rest_route=\/wp\/v2\/types\/page"}],"author":[{"embeddable":true,"href":"http:\/\/www.ottochips.com\/index.php?rest_route=\/wp\/v2\/users\/1"}],"replies":[{"embeddable":true,"href":"http:\/\/www.ottochips.com\/index.php?rest_route=%2Fwp%2Fv2%2Fcomments&post=220"}],"version-history":[{"count":9,"href":"http:\/\/www.ottochips.com\/index.php?rest_route=\/wp\/v2\/pages\/220\/revisions"}],"predecessor-version":[{"id":734,"href":"http:\/\/www.ottochips.com\/index.php?rest_route=\/wp\/v2\/pages\/220\/revisions\/734"}],"wp:attachment":[{"href":"http:\/\/www.ottochips.com\/index.php?rest_route=%2Fwp%2Fv2%2Fmedia&parent=220"}],"curies":[{"name":"wp","href":"https:\/\/api.w.org\/{rel}","templated":true}]}}