{"id":407,"date":"2014-04-02T15:09:31","date_gmt":"2014-04-02T12:09:31","guid":{"rendered":"http:\/\/www.ottochips.com\/?page_id=407"},"modified":"2014-05-14T22:31:15","modified_gmt":"2014-05-14T19:31:15","slug":"hyundai-ticari","status":"publish","type":"page","link":"http:\/\/www.ottochips.com\/?page_id=407","title":{"rendered":"Hyundai (Ticari)"},"content":{"rendered":"<table width=\"648\" border=\"1\" cellspacing=\"0\" cellpadding=\"0\">\n<tbody>\n<tr>\n<td valign=\"top\" width=\"84\"><strong>Motor<\/strong><\/td>\n<td valign=\"top\" width=\"144\"><strong>Yaz\u0131l\u0131m \u00d6ncesi<\/strong><\/td>\n<td valign=\"top\" width=\"108\"><strong>Tork NM<br \/>\n<\/strong><\/td>\n<td valign=\"top\" width=\"132\"><strong>Yaz\u0131l\u0131m Sonras\u0131<br \/>\n<\/strong><\/td>\n<td valign=\"top\" width=\"96\"><strong>Tork + NM <\/strong><\/td>\n<td valign=\"top\" width=\"84\"><strong>Fiyat<\/strong><\/td>\n<\/tr>\n<tr>\n<td valign=\"top\" width=\"84\"><img loading=\"lazy\" class=\"alignnone\" alt=\"\" src=\"http:\/\/www.tuningkonfigurator.com\/pagepics\/baureihe_691.png\" width=\"125\" height=\"83\" \/><strong>H-1<\/strong><\/td>\n<td valign=\"top\" width=\"144\">\u00a0<img loading=\"lazy\" class=\"alignnone\" alt=\"\" src=\"http:\/\/aybar.com.tr\/wp-content\/gallery\/hyundai-starex\/hyundai-starex-5.jpg\" width=\"122\" height=\"79\" \/><strong>Starex<\/strong><\/td>\n<td valign=\"top\" width=\"108\"><\/td>\n<td valign=\"top\" width=\"132\"><\/td>\n<td valign=\"top\" width=\"96\"><\/td>\n<td valign=\"top\" width=\"84\"><\/td>\n<\/tr>\n<tr>\n<td valign=\"top\" width=\"84\">2.5 CRDi<\/td>\n<td valign=\"top\" width=\"144\">140 PS \/ 103 KW<\/td>\n<td valign=\"top\" width=\"108\">314 NM<\/td>\n<td valign=\"top\" width=\"132\">171 PS \/ 126 KW<\/td>\n<td valign=\"top\" width=\"96\">+68 NM<\/td>\n<\/tr>\n<\/tbody>\n<\/table>\n","protected":false},"excerpt":{"rendered":"<p>Motor Yaz\u0131l\u0131m \u00d6ncesi Tork NM Yaz\u0131l\u0131m Sonras\u0131 Tork + NM Fiyat H-1 \u00a0Starex 2.5 CRDi 140 PS \/ 103 KW 314 NM 171 PS \/ 126 KW +68 NM<\/p>\n","protected":false},"author":1,"featured_media":0,"parent":0,"menu_order":0,"comment_status":"open","ping_status":"open","template":"","meta":[],"_links":{"self":[{"href":"http:\/\/www.ottochips.com\/index.php?rest_route=\/wp\/v2\/pages\/407"}],"collection":[{"href":"http:\/\/www.ottochips.com\/index.php?rest_route=\/wp\/v2\/pages"}],"about":[{"href":"http:\/\/www.ottochips.com\/index.php?rest_route=\/wp\/v2\/types\/page"}],"author":[{"embeddable":true,"href":"http:\/\/www.ottochips.com\/index.php?rest_route=\/wp\/v2\/users\/1"}],"replies":[{"embeddable":true,"href":"http:\/\/www.ottochips.com\/index.php?rest_route=%2Fwp%2Fv2%2Fcomments&post=407"}],"version-history":[{"count":3,"href":"http:\/\/www.ottochips.com\/index.php?rest_route=\/wp\/v2\/pages\/407\/revisions"}],"predecessor-version":[{"id":539,"href":"http:\/\/www.ottochips.com\/index.php?rest_route=\/wp\/v2\/pages\/407\/revisions\/539"}],"wp:attachment":[{"href":"http:\/\/www.ottochips.com\/index.php?rest_route=%2Fwp%2Fv2%2Fmedia&parent=407"}],"curies":[{"name":"wp","href":"https:\/\/api.w.org\/{rel}","templated":true}]}}