{"id":413,"date":"2014-04-02T15:11:09","date_gmt":"2014-04-02T12:11:09","guid":{"rendered":"http:\/\/www.ottochips.com\/?page_id=413"},"modified":"2014-05-14T22:48:19","modified_gmt":"2014-05-14T19:48:19","slug":"mercedes-ticari","status":"publish","type":"page","link":"http:\/\/www.ottochips.com\/?page_id=413","title":{"rendered":"Mercedes (Ticari)"},"content":{"rendered":"<table width=\"737\" border=\"1\" cellspacing=\"0\" cellpadding=\"0\">\n<tbody>\n<tr>\n<td valign=\"top\" width=\"168\"><strong>Motor<\/strong><\/td>\n<td valign=\"top\" width=\"144\"><strong>Yaz\u0131l\u0131m \u00d6ncesi<\/strong><\/td>\n<td valign=\"top\" width=\"108\"><strong>Tork NM<\/strong><\/td>\n<td valign=\"top\" width=\"156\"><strong>Yaz\u0131l\u0131m Sonras\u0131<\/strong><\/td>\n<td valign=\"top\" width=\"96\"><strong>Tork + NM <\/strong><\/td>\n<td valign=\"top\" width=\"65\"><strong>Fiyat<\/strong><\/td>\n<\/tr>\n<tr>\n<td valign=\"top\" width=\"168\"><img loading=\"lazy\" class=\"alignnone\" alt=\"\" src=\"http:\/\/www.mercedes-benz.rs\/content\/media_library\/hq\/hq_mpc_reference_site\/van_ng\/vans_world\/history\/chronicle\/1995-2005\/2000\/vans_world_history_chronicle_1995-2005_2000_sprinter_facelift_02_500x329_de_05-2008_jpg.object-Single-MEDIA.tmp\/2000_MB-Sprinter_02_500x329_de_05-2008.jpghttp:\/\/\" width=\"175\" height=\"112\" \/><strong>Sprinter (1995-2005)<\/strong><\/td>\n<td valign=\"top\" width=\"144\"><\/td>\n<td valign=\"top\" width=\"108\"><\/td>\n<td valign=\"top\" width=\"156\"><\/td>\n<td valign=\"top\" width=\"96\"><\/td>\n<td valign=\"top\" width=\"65\"><\/td>\n<\/tr>\n<tr>\n<td valign=\"top\" width=\"168\"><strong>Typ T1N<\/strong><\/td>\n<td colspan=\"5\" valign=\"top\" width=\"569\"><\/td>\n<\/tr>\n<tr>\n<td valign=\"top\" width=\"168\">Sprinter 2.2 CDI<\/td>\n<td valign=\"top\" width=\"144\">82 PS \/ 60 KW<\/td>\n<td valign=\"top\" width=\"108\">200 NM<\/td>\n<td valign=\"top\" width=\"156\">117 PS \/ 86 KW<\/td>\n<td valign=\"top\" width=\"96\">+60 NM<\/td>\n<td valign=\"top\" width=\"65\"><\/td>\n<\/tr>\n<tr>\n<td valign=\"top\" width=\"168\">Sprinter 2.2 CDI<\/td>\n<td valign=\"top\" width=\"144\">109 PS \/ 80 KW<\/td>\n<td valign=\"top\" width=\"108\">270 NM<\/td>\n<td valign=\"top\" width=\"156\">135 PS \/ 99 KW<\/td>\n<td valign=\"top\" width=\"96\">+60 NM<\/td>\n<td valign=\"top\" width=\"65\"><\/td>\n<\/tr>\n<tr>\n<td valign=\"top\" width=\"168\">Sprinter 2.2 CDI<\/td>\n<td valign=\"top\" width=\"144\">129 PS \/ 95 KW<\/td>\n<td valign=\"top\" width=\"108\">300 NM<\/td>\n<td valign=\"top\" width=\"156\">160 PS \/ 118 KW<\/td>\n<td valign=\"top\" width=\"96\">+60 NM<\/td>\n<td valign=\"top\" width=\"65\"><\/td>\n<\/tr>\n<tr>\n<td valign=\"top\" width=\"168\">Sprinter 2.7 CDI<\/td>\n<td valign=\"top\" width=\"144\">156 PS \/ 115 KW<\/td>\n<td valign=\"top\" width=\"108\">330 NM<\/td>\n<td valign=\"top\" width=\"156\">191 PS \/ 141 KW<\/td>\n<td valign=\"top\" width=\"96\">+70 NM<\/td>\n<td valign=\"top\" width=\"65\"><\/td>\n<\/tr>\n<tr>\n<td valign=\"top\" width=\"168\">Sprinter 2.9 TD<\/td>\n<td valign=\"top\" width=\"144\">122 PS \/ 90 KW<\/td>\n<td valign=\"top\" width=\"108\">280 NM<\/td>\n<td valign=\"top\" width=\"156\">157 PS \/ 116 KW<\/td>\n<td valign=\"top\" width=\"96\">+60 NM<\/td>\n<td valign=\"top\" width=\"65\"><\/td>\n<\/tr>\n<tr>\n<td valign=\"top\" width=\"168\"><img loading=\"lazy\" class=\"alignnone\" alt=\"\" src=\"http:\/\/www.arabalarmax.com\/data\/media\/24\/Mercedes-Sprinter-vorne_high.jpg\" width=\"175\" height=\"128\" \/><strong>Sprinter<\/strong> <strong>Typ W906 \u00a0 \u00a0 (2006 ve Sonras\u0131)<\/strong><\/td>\n<td colspan=\"5\" valign=\"top\" width=\"569\"><\/td>\n<\/tr>\n<tr>\n<td valign=\"top\" width=\"168\">Sprinter 2.2 CDI<\/td>\n<td valign=\"top\" width=\"144\">88 PS \/ 65 KW<\/td>\n<td valign=\"top\" width=\"108\">220 NM<\/td>\n<td valign=\"top\" width=\"156\">110 PS \/ 81 KW<\/td>\n<td valign=\"top\" width=\"96\">+60 NM<\/td>\n<td valign=\"top\" width=\"65\"><\/td>\n<\/tr>\n<tr>\n<td valign=\"top\" width=\"168\">Sprinter 2.2 CDI<\/td>\n<td valign=\"top\" width=\"144\">109 PS \/ 80 KW<\/td>\n<td valign=\"top\" width=\"108\">280 NM<\/td>\n<td valign=\"top\" width=\"156\">135 PS \/ 99 KW<\/td>\n<td valign=\"top\" width=\"96\">+60 NM<\/td>\n<td valign=\"top\" width=\"65\"><\/td>\n<\/tr>\n<tr>\n<td valign=\"top\" width=\"168\">Sprinter 2.2 CDI<\/td>\n<td valign=\"top\" width=\"144\">129 PS \/ 95 KW<\/td>\n<td valign=\"top\" width=\"108\">305 NM<\/td>\n<td valign=\"top\" width=\"156\">160 PS \/ 118 KW<\/td>\n<td valign=\"top\" width=\"96\">+60 NM<\/td>\n<td valign=\"top\" width=\"65\"><\/td>\n<\/tr>\n<tr>\n<td valign=\"top\" width=\"168\">Sprinter 2.2 CDI<\/td>\n<td valign=\"top\" width=\"144\">150 PS \/ 110 KW<\/td>\n<td valign=\"top\" width=\"108\">330 NM<\/td>\n<td valign=\"top\" width=\"156\">180 PS \/ 132 KW<\/td>\n<td valign=\"top\" width=\"96\">+60 NM<\/td>\n<td valign=\"top\" width=\"65\"><\/td>\n<\/tr>\n<tr>\n<td valign=\"top\" width=\"168\">Sprinter 3.0 CDI<\/td>\n<td valign=\"top\" width=\"144\">184 PS \/ 135 KW<\/td>\n<td valign=\"top\" width=\"108\">400 NM<\/td>\n<td valign=\"top\" width=\"156\">220 PS \/ 162 KW<\/td>\n<td valign=\"top\" width=\"96\">+70 NM<\/td>\n<td valign=\"top\" width=\"65\"><\/td>\n<\/tr>\n<tr>\n<td valign=\"top\" width=\"168\"><strong><img loading=\"lazy\" class=\"alignnone\" alt=\"\" src=\"http:\/\/www.senner-tuning.de\/shop\/images\/w638.jpg\" width=\"175\" height=\"112\" \/>Vito (1996-2003)<\/strong><\/td>\n<td valign=\"top\" width=\"144\"><\/td>\n<td valign=\"top\" width=\"108\"><\/td>\n<td valign=\"top\" width=\"156\"><\/td>\n<td valign=\"top\" width=\"96\"><\/td>\n<td valign=\"top\" width=\"65\"><\/td>\n<\/tr>\n<tr>\n<td valign=\"top\" width=\"168\"><strong>Typ W638-638\/1<\/strong><\/td>\n<td colspan=\"5\" valign=\"top\" width=\"569\"><\/td>\n<\/tr>\n<tr>\n<td valign=\"top\" width=\"168\">Vito 108 2.2 CDI<\/td>\n<td valign=\"top\" width=\"144\">82 PS \/ 60 KW<\/td>\n<td valign=\"top\" width=\"108\">200 NM<\/td>\n<td valign=\"top\" width=\"156\">117 PS \/ 86 KW<\/td>\n<td valign=\"top\" width=\"96\">+60 NM<\/td>\n<td valign=\"top\" width=\"65\"><\/td>\n<\/tr>\n<tr>\n<td valign=\"top\" width=\"168\">Vito 110 2.3 TD<\/td>\n<td valign=\"top\" width=\"144\">98 PS \/ 72 KW<\/td>\n<td valign=\"top\" width=\"108\">230 NM<\/td>\n<td valign=\"top\" width=\"156\">120 PS \/ 88 KW<\/td>\n<td valign=\"top\" width=\"96\">+58 NM<\/td>\n<td valign=\"top\" width=\"65\"><\/td>\n<\/tr>\n<tr>\n<td valign=\"top\" width=\"168\">Vito 110 2.2 CDI<\/td>\n<td valign=\"top\" width=\"144\">102 PS \/ 75 KW<\/td>\n<td valign=\"top\" width=\"108\">250 NM<\/td>\n<td valign=\"top\" width=\"156\">137 PS \/ 101 KW<\/td>\n<td valign=\"top\" width=\"96\">+70 NM<\/td>\n<td valign=\"top\" width=\"65\"><\/td>\n<\/tr>\n<tr>\n<td valign=\"top\" width=\"168\">Vito 112 2.2 CDI<\/td>\n<td valign=\"top\" width=\"144\">122 PS \/ 90 KW<\/td>\n<td valign=\"top\" width=\"108\">300 NM<\/td>\n<td valign=\"top\" width=\"156\">157 PS \/ 116 KW<\/td>\n<td valign=\"top\" width=\"96\">+70 NM<\/td>\n<td valign=\"top\" width=\"65\"><\/td>\n<\/tr>\n<tr>\n<td valign=\"top\" width=\"168\">Vito 113 2.0<\/td>\n<td valign=\"top\" width=\"144\">129 PS \/ 95 KW<\/td>\n<td valign=\"top\" width=\"108\">186 NM<\/td>\n<td valign=\"top\" width=\"156\">145 PS \/ 107 KW<\/td>\n<td valign=\"top\" width=\"96\">+16 NM<\/td>\n<td valign=\"top\" width=\"65\"><\/td>\n<\/tr>\n<tr>\n<td valign=\"top\" width=\"168\">Vito 114 2.3<\/td>\n<td valign=\"top\" width=\"144\">143 PS \/ 105 KW<\/td>\n<td valign=\"top\" width=\"108\">215 NM<\/td>\n<td valign=\"top\" width=\"156\">162 PS \/ 119 KW<\/td>\n<td valign=\"top\" width=\"96\">+18 NM<\/td>\n<td valign=\"top\" width=\"65\"><\/td>\n<\/tr>\n<tr>\n<td valign=\"top\" width=\"168\"><img loading=\"lazy\" class=\"alignnone\" alt=\"\" src=\"http:\/\/www.vet-magazin.com\/tierarzt-magazin\/Tieraerzte-Automagazin\/Mercedes-Vito-Shuttle-Testbericht\/Mercedes-Vito-Shuttle-116-CDI-L-Testbericht-011_high.jpg?1352870102\" width=\"175\" height=\"132\" \/><strong>Vito Typ W639\u00a0\u00a0\u00a0\u00a0\u00a0\u00a0\u00a0\u00a0\u00a0\u00a0\u00a0\u00a0 (2003 ve Sonras\u0131)<\/strong><\/td>\n<td colspan=\"5\" valign=\"top\" width=\"569\"><\/td>\n<\/tr>\n<tr>\n<td valign=\"top\" width=\"168\">Vito109 CDI<\/td>\n<td valign=\"top\" width=\"144\">88 PS \/ 65 KW<\/td>\n<td valign=\"top\" width=\"108\">220 NM<\/td>\n<td valign=\"top\" width=\"156\">120 PS \/ 88 KW<\/td>\n<td valign=\"top\" width=\"96\">+70 NM<\/td>\n<td valign=\"top\" width=\"65\"><\/td>\n<\/tr>\n<tr>\n<td valign=\"top\" width=\"168\">Vito109 CDI<\/td>\n<td valign=\"top\" width=\"144\">95 PS \/ 70 KW<\/td>\n<td valign=\"top\" width=\"108\">250 NM<\/td>\n<td valign=\"top\" width=\"156\">122 PS \/ 90 KW<\/td>\n<td valign=\"top\" width=\"96\">+60 NM<\/td>\n<td valign=\"top\" width=\"65\"><\/td>\n<\/tr>\n<tr>\n<td valign=\"top\" width=\"168\">Vito111 CDI<\/td>\n<td valign=\"top\" width=\"144\">109 PS \/ 80 KW<\/td>\n<td valign=\"top\" width=\"108\">270 NM<\/td>\n<td valign=\"top\" width=\"156\">140 PS \/ 103 KW<\/td>\n<td valign=\"top\" width=\"96\">+70 NM<\/td>\n<td valign=\"top\" width=\"65\"><\/td>\n<\/tr>\n<tr>\n<td valign=\"top\" width=\"168\">Vito111 CDI<\/td>\n<td valign=\"top\" width=\"144\">118 PS \/ 87 KW<\/td>\n<td valign=\"top\" width=\"108\">290 NM<\/td>\n<td valign=\"top\" width=\"156\">145 PS \/ 107 KW<\/td>\n<td valign=\"top\" width=\"96\">+65 NM<\/td>\n<td valign=\"top\" width=\"65\"><\/td>\n<\/tr>\n<tr>\n<td valign=\"top\" width=\"168\">Vito115 CDI<\/td>\n<td valign=\"top\" width=\"144\">150 PS \/ 110 KW<\/td>\n<td valign=\"top\" width=\"108\">330 NM<\/td>\n<td valign=\"top\" width=\"156\">185 PS \/ 136 KW<\/td>\n<td valign=\"top\" width=\"96\">+68 NM<\/td>\n<td valign=\"top\" width=\"65\"><\/td>\n<\/tr>\n<tr>\n<td valign=\"top\" width=\"168\">Vito120 CDI<\/td>\n<td valign=\"top\" width=\"144\">204 PS \/ 150 KW<\/td>\n<td valign=\"top\" width=\"108\">440 NM<\/td>\n<td valign=\"top\" width=\"156\">235 PS \/ 173 KW<\/td>\n<td valign=\"top\" width=\"96\">+76 NM<\/td>\n<td valign=\"top\" width=\"65\"><\/td>\n<\/tr>\n<tr>\n<td valign=\"top\" width=\"168\">Vito119 3.2 V6<\/td>\n<td valign=\"top\" width=\"144\">190 PS \/ 140 KW<\/td>\n<td valign=\"top\" width=\"108\">270 NM<\/td>\n<td valign=\"top\" width=\"156\">213 PS \/ 157 KW<\/td>\n<td valign=\"top\" width=\"96\">+23 NM<\/td>\n<td valign=\"top\" width=\"65\"><\/td>\n<\/tr>\n<tr>\n<td valign=\"top\" width=\"168\">Vito122 3.2 V6<\/td>\n<td valign=\"top\" width=\"144\">218 PS \/ 160 KW<\/td>\n<td valign=\"top\" width=\"108\">305 NM<\/td>\n<td valign=\"top\" width=\"156\">237 PS \/ 174 KW<\/td>\n<td valign=\"top\" width=\"96\">+20 NM<\/td>\n<td valign=\"top\" width=\"65\"><\/td>\n<\/tr>\n<tr>\n<td valign=\"top\" width=\"168\">Vito123 3.7 V6<\/td>\n<td valign=\"top\" width=\"144\">231 PS \/ 170 KW<\/td>\n<td valign=\"top\" width=\"108\">345 NM<\/td>\n<td valign=\"top\" width=\"156\">255 PS \/ 188 KW<\/td>\n<td valign=\"top\" width=\"96\">+21 NM<\/td>\n<td valign=\"top\" width=\"65\"><\/td>\n<\/tr>\n<tr>\n<td valign=\"top\" width=\"168\">Vario<\/td>\n<td valign=\"top\" width=\"144\"><\/td>\n<td valign=\"top\" width=\"108\"><\/td>\n<td valign=\"top\" width=\"156\"><\/td>\n<td valign=\"top\" width=\"96\"><\/td>\n<td valign=\"top\" width=\"65\"><\/td>\n<\/tr>\n<tr>\n<td valign=\"top\" width=\"168\">Vario 613D\/813D-DA<\/td>\n<td valign=\"top\" width=\"144\">129 PS \/ 95 KW<\/td>\n<td valign=\"top\" width=\"108\">490 NM<\/td>\n<td valign=\"top\" width=\"156\">160 PS \/ 118 KW<\/td>\n<td valign=\"top\" width=\"96\">+80 NM<\/td>\n<td valign=\"top\" width=\"65\"><\/td>\n<\/tr>\n<tr>\n<td valign=\"top\" width=\"168\">Vario 614D\/814D-DA<\/td>\n<td valign=\"top\" width=\"144\">136 PS \/ 100 KW<\/td>\n<td valign=\"top\" width=\"108\">520 NM<\/td>\n<td valign=\"top\" width=\"156\">170 PS \/ 125 KW<\/td>\n<td valign=\"top\" width=\"96\">+83 NM<\/td>\n<td valign=\"top\" width=\"65\"><\/td>\n<\/tr>\n<tr>\n<td valign=\"top\" width=\"168\">Vario 615D\/815D-DA<\/td>\n<td valign=\"top\" width=\"144\">150 PS \/ 110 KW<\/td>\n<td valign=\"top\" width=\"108\">580 NM<\/td>\n<td valign=\"top\" width=\"156\">190 PS \/ 140 KW<\/td>\n<td valign=\"top\" width=\"96\">+120 NM<\/td>\n<td valign=\"top\" width=\"65\"><\/td>\n<\/tr>\n<tr>\n<td valign=\"top\" width=\"168\">Vario 616D\/816D-DA<\/td>\n<td valign=\"top\" width=\"144\">156 PS \/ 115 KW<\/td>\n<td valign=\"top\" width=\"108\">610 NM<\/td>\n<td valign=\"top\" width=\"156\">190 PS \/ 140 KW<\/td>\n<td valign=\"top\" width=\"96\">+110 NM<\/td>\n<td valign=\"top\" width=\"65\"><\/td>\n<\/tr>\n<tr>\n<td valign=\"top\" width=\"168\">Vario 618D\/618D-DA<\/td>\n<td valign=\"top\" width=\"144\">177 PS \/ 130 KW<\/td>\n<td valign=\"top\" width=\"108\">675 NM<\/td>\n<td valign=\"top\" width=\"156\">220 PS \/ 162 KW<\/td>\n<td valign=\"top\" width=\"96\">+125 NM<\/td>\n<td valign=\"top\" width=\"65\"><\/td>\n<\/tr>\n<\/tbody>\n<\/table>\n","protected":false},"excerpt":{"rendered":"<p>Motor Yaz\u0131l\u0131m \u00d6ncesi Tork NM Yaz\u0131l\u0131m Sonras\u0131 Tork + NM Fiyat Sprinter (1995-2005) Typ T1N Sprinter 2.2 CDI 82 PS \/ 60 KW 200 NM 117 PS \/ 86 KW +60 NM Sprinter 2.2 CDI 109 PS \/ 80 KW 270 NM 135 PS \/ 99 KW +60 NM Sprinter 2.2 CDI 129 PS \/ [&hellip;]<\/p>\n","protected":false},"author":1,"featured_media":0,"parent":0,"menu_order":0,"comment_status":"open","ping_status":"open","template":"","meta":[],"_links":{"self":[{"href":"http:\/\/www.ottochips.com\/index.php?rest_route=\/wp\/v2\/pages\/413"}],"collection":[{"href":"http:\/\/www.ottochips.com\/index.php?rest_route=\/wp\/v2\/pages"}],"about":[{"href":"http:\/\/www.ottochips.com\/index.php?rest_route=\/wp\/v2\/types\/page"}],"author":[{"embeddable":true,"href":"http:\/\/www.ottochips.com\/index.php?rest_route=\/wp\/v2\/users\/1"}],"replies":[{"embeddable":true,"href":"http:\/\/www.ottochips.com\/index.php?rest_route=%2Fwp%2Fv2%2Fcomments&post=413"}],"version-history":[{"count":3,"href":"http:\/\/www.ottochips.com\/index.php?rest_route=\/wp\/v2\/pages\/413\/revisions"}],"predecessor-version":[{"id":541,"href":"http:\/\/www.ottochips.com\/index.php?rest_route=\/wp\/v2\/pages\/413\/revisions\/541"}],"wp:attachment":[{"href":"http:\/\/www.ottochips.com\/index.php?rest_route=%2Fwp%2Fv2%2Fmedia&parent=413"}],"curies":[{"name":"wp","href":"https:\/\/api.w.org\/{rel}","templated":true}]}}