{"id":416,"date":"2014-04-02T15:12:12","date_gmt":"2014-04-02T12:12:12","guid":{"rendered":"http:\/\/www.ottochips.com\/?page_id=416"},"modified":"2014-05-15T11:03:04","modified_gmt":"2014-05-15T08:03:04","slug":"mitsubishi-ticari","status":"publish","type":"page","link":"http:\/\/www.ottochips.com\/?page_id=416","title":{"rendered":"Mitsubishi (Ticari)"},"content":{"rendered":"<table width=\"660\" border=\"1\" cellspacing=\"0\" cellpadding=\"0\">\n<tbody>\n<tr>\n<td valign=\"top\" width=\"103\"><strong>Motor<\/strong><\/td>\n<td valign=\"top\" width=\"130\"><strong>Yaz\u0131l\u0131m \u00d6ncesi<\/strong><\/td>\n<td valign=\"top\" width=\"110\"><strong>Yak\u0131t<\/strong><\/td>\n<td valign=\"top\" width=\"147\"><strong>Yaz\u0131l\u0131m Sonras\u0131<\/strong><\/td>\n<td valign=\"top\" width=\"98\"><strong>Tork + NM <\/strong><\/td>\n<td valign=\"top\" width=\"88\"><strong>Fiyat<\/strong><\/td>\n<\/tr>\n<tr>\n<td colspan=\"6\" valign=\"top\"><strong><img loading=\"lazy\" class=\"alignnone\" alt=\"\" src=\"http:\/\/trialx.com\/curetalk\/wp-content\/blogs.dir\/7\/files\/2012\/11\/cars\/2005_Mitsubishi_L200-2.jpg\" width=\"100\" height=\"71\" \/> L200 (2003 ve Sonras\u0131)<\/strong><\/td>\n<\/tr>\n<tr>\n<td valign=\"top\" width=\"103\">2.5 TD<\/td>\n<td valign=\"top\" width=\"130\">99 PS \/ 73 KW<\/td>\n<td valign=\"top\" width=\"110\">\u00a0Diesel<\/td>\n<td valign=\"top\" width=\"147\">134 PS \/ 99 KW<\/td>\n<td valign=\"top\" width=\"98\">+60 NM<\/td>\n<td valign=\"top\" width=\"88\"><\/td>\n<\/tr>\n<tr>\n<td valign=\"top\" width=\"103\">2.5 TD<\/td>\n<td valign=\"top\" width=\"130\">115 PS \/ 85 KW<\/td>\n<td valign=\"top\" width=\"110\">\u00a0Diesel<\/td>\n<td valign=\"top\" width=\"147\">140 PS \/ 103 KW<\/td>\n<td valign=\"top\" width=\"98\">+60 NM<\/td>\n<td valign=\"top\" width=\"88\"><\/td>\n<\/tr>\n<tr>\n<td valign=\"top\" width=\"103\">2.5 TD+<\/td>\n<td valign=\"top\" width=\"130\">133 PS \/ 98 KW<\/td>\n<td valign=\"top\" width=\"110\">\u00a0Diesel<\/td>\n<td valign=\"top\" width=\"147\">158 PS \/ 116 KW<\/td>\n<td valign=\"top\" width=\"98\">+60 NM<\/td>\n<td valign=\"top\" width=\"88\"><\/td>\n<\/tr>\n<tr>\n<td valign=\"top\" width=\"103\">2.5 DI-D<\/td>\n<td valign=\"top\" width=\"130\">136 PS \/ 100 KW<\/td>\n<td valign=\"top\" width=\"110\">\u00a0Diesel<\/td>\n<td valign=\"top\" width=\"147\">169 PS \/ 124 KW<\/td>\n<td valign=\"top\" width=\"98\">+70 NM<\/td>\n<\/tr>\n<\/tbody>\n<\/table>\n","protected":false},"excerpt":{"rendered":"<p>Motor Yaz\u0131l\u0131m \u00d6ncesi Yak\u0131t Yaz\u0131l\u0131m Sonras\u0131 Tork + NM Fiyat L200 (2003 ve Sonras\u0131) 2.5 TD 99 PS \/ 73 KW \u00a0Diesel 134 PS \/ 99 KW +60 NM 2.5 TD 115 PS \/ 85 KW \u00a0Diesel 140 PS \/ 103 KW +60 NM 2.5 TD+ 133 PS \/ 98 KW \u00a0Diesel 158 PS \/ [&hellip;]<\/p>\n","protected":false},"author":1,"featured_media":0,"parent":0,"menu_order":0,"comment_status":"open","ping_status":"open","template":"","meta":[],"_links":{"self":[{"href":"http:\/\/www.ottochips.com\/index.php?rest_route=\/wp\/v2\/pages\/416"}],"collection":[{"href":"http:\/\/www.ottochips.com\/index.php?rest_route=\/wp\/v2\/pages"}],"about":[{"href":"http:\/\/www.ottochips.com\/index.php?rest_route=\/wp\/v2\/types\/page"}],"author":[{"embeddable":true,"href":"http:\/\/www.ottochips.com\/index.php?rest_route=\/wp\/v2\/users\/1"}],"replies":[{"embeddable":true,"href":"http:\/\/www.ottochips.com\/index.php?rest_route=%2Fwp%2Fv2%2Fcomments&post=416"}],"version-history":[{"count":4,"href":"http:\/\/www.ottochips.com\/index.php?rest_route=\/wp\/v2\/pages\/416\/revisions"}],"predecessor-version":[{"id":557,"href":"http:\/\/www.ottochips.com\/index.php?rest_route=\/wp\/v2\/pages\/416\/revisions\/557"}],"wp:attachment":[{"href":"http:\/\/www.ottochips.com\/index.php?rest_route=%2Fwp%2Fv2%2Fmedia&parent=416"}],"curies":[{"name":"wp","href":"https:\/\/api.w.org\/{rel}","templated":true}]}}