{"id":419,"date":"2014-04-02T15:13:08","date_gmt":"2014-04-02T12:13:08","guid":{"rendered":"http:\/\/www.ottochips.com\/?page_id=419"},"modified":"2014-05-15T11:13:40","modified_gmt":"2014-05-15T08:13:40","slug":"nissan-ticari","status":"publish","type":"page","link":"http:\/\/www.ottochips.com\/?page_id=419","title":{"rendered":"Nissan (Ticari)"},"content":{"rendered":"<table width=\"672\" border=\"1\" cellspacing=\"0\" cellpadding=\"0\">\n<tbody>\n<tr>\n<td valign=\"top\" width=\"96\"><strong>Motor<\/strong><\/td>\n<td valign=\"top\" width=\"576\"><strong>Yaz\u0131l\u0131m \u00d6ncesi<\/strong><\/td>\n<td valign=\"top\" width=\"108\"><strong>Yak\u0131t<br \/>\n<\/strong><\/td>\n<td valign=\"top\" width=\"144\"><strong>Yaz\u0131l\u0131m Sonras\u0131<\/strong><\/td>\n<td valign=\"top\" width=\"84\"><strong>Tork + NM <\/strong><\/td>\n<td valign=\"top\" width=\"72\"><strong>F\u0130yat<\/strong><\/td>\n<\/tr>\n<tr>\n<td colspan=\"6\" valign=\"top\">Interstar 2002-<\/td>\n<\/tr>\n<tr>\n<td valign=\"top\" width=\"96\">1.9 dCi<\/td>\n<td valign=\"top\" width=\"576\">80 PS \/ 59 KW<\/td>\n<td valign=\"top\" width=\"108\">Diesel<\/td>\n<td valign=\"top\" width=\"144\">110 PS \/ 81 KW<\/td>\n<td valign=\"top\" width=\"84\">+60 NM<\/td>\n<td valign=\"top\" width=\"72\"><\/td>\n<\/tr>\n<tr>\n<td valign=\"top\" width=\"96\">2.2 dCi<\/td>\n<td valign=\"top\" width=\"576\">90 PS \/ 66 KW<\/td>\n<td valign=\"top\" width=\"108\">Diesel<\/td>\n<td valign=\"top\" width=\"144\">120 PS \/ 88 KW<\/td>\n<td valign=\"top\" width=\"84\">+55 NM<\/td>\n<td valign=\"top\" width=\"72\"><\/td>\n<\/tr>\n<tr>\n<td valign=\"top\" width=\"96\">2.5 dCi<\/td>\n<td valign=\"top\" width=\"576\">114 PS \/ 84 KW<\/td>\n<td valign=\"top\" width=\"108\">Diesel<\/td>\n<td valign=\"top\" width=\"144\">150 PS \/ 110 KW<\/td>\n<td valign=\"top\" width=\"84\">+65 NM<\/td>\n<td valign=\"top\" width=\"72\"><\/td>\n<\/tr>\n<tr>\n<td valign=\"top\" width=\"96\">2.5 dCi<\/td>\n<td valign=\"top\" width=\"576\">100 PS \/ 74 KW<\/td>\n<td valign=\"top\" width=\"108\">Diesel<\/td>\n<td valign=\"top\" width=\"144\">132 PS \/ 97 KW<\/td>\n<td valign=\"top\" width=\"84\">+75 NM<\/td>\n<td valign=\"top\" width=\"72\"><\/td>\n<\/tr>\n<tr>\n<td valign=\"top\" width=\"96\">2.5 dCi<\/td>\n<td valign=\"top\" width=\"576\">120 PS \/ 88 KW<\/td>\n<td valign=\"top\" width=\"108\">Diesel<\/td>\n<td valign=\"top\" width=\"144\">160 PS \/ 118 KW<\/td>\n<td valign=\"top\" width=\"84\">+65 NM<\/td>\n<td valign=\"top\" width=\"72\"><\/td>\n<\/tr>\n<tr>\n<td valign=\"top\" width=\"96\">2.5 dCi<\/td>\n<td valign=\"top\" width=\"576\">146 PS \/ 107 KW<\/td>\n<td valign=\"top\" width=\"108\">Diesel<\/td>\n<td valign=\"top\" width=\"144\">180 PS \/ 132 KW<\/td>\n<td valign=\"top\" width=\"84\">+65 NM<\/td>\n<td valign=\"top\" width=\"72\"><\/td>\n<\/tr>\n<tr>\n<td valign=\"top\" width=\"96\">2.5 dCi<\/td>\n<td valign=\"top\" width=\"576\">150 PS \/ 110 KW<\/td>\n<td valign=\"top\" width=\"108\">Diesel<\/td>\n<td valign=\"top\" width=\"144\">173 PS \/ 127 KW<\/td>\n<td valign=\"top\" width=\"84\">+60 NM<\/td>\n<td valign=\"top\" width=\"72\"><\/td>\n<\/tr>\n<tr>\n<td valign=\"top\" width=\"96\">3.0 dCi<\/td>\n<td valign=\"top\" width=\"576\">136 PS \/ 100 KW<\/td>\n<td valign=\"top\" width=\"108\">Diesel<\/td>\n<td valign=\"top\" width=\"144\">171 PS \/ 126 KW<\/td>\n<td valign=\"top\" width=\"84\">+70 NM<\/td>\n<td valign=\"top\" width=\"72\"><\/td>\n<\/tr>\n<tr>\n<td valign=\"top\" width=\"96\"><\/td>\n<td valign=\"top\" width=\"576\"><\/td>\n<td valign=\"top\" width=\"108\"><\/td>\n<td valign=\"top\" width=\"144\"><\/td>\n<td valign=\"top\" width=\"84\"><\/td>\n<td valign=\"top\" width=\"72\"><\/td>\n<\/tr>\n<tr>\n<td valign=\"top\" width=\"96\">Kubistar<\/td>\n<td colspan=\"5\" valign=\"top\" width=\"576\"><\/td>\n<\/tr>\n<tr>\n<td valign=\"top\" width=\"96\">1.5 dCi60<\/td>\n<td valign=\"top\" width=\"576\">60 PS \/ 45 KW<\/td>\n<td valign=\"top\" width=\"108\">Diesel<\/td>\n<td valign=\"top\" width=\"144\">90 PS \/ 66 KW<\/td>\n<td valign=\"top\" width=\"84\">+56 NM<\/td>\n<td valign=\"top\" width=\"72\"><\/td>\n<\/tr>\n<tr>\n<td valign=\"top\" width=\"96\">1.5 dCi70<\/td>\n<td valign=\"top\" width=\"576\">65 PS \/ 48 KW<\/td>\n<td valign=\"top\" width=\"108\">Diesel<\/td>\n<td valign=\"top\" width=\"144\">90 PS \/ 66 KW<\/td>\n<td valign=\"top\" width=\"84\">+56 NM<\/td>\n<td valign=\"top\" width=\"72\"><\/td>\n<\/tr>\n<tr>\n<td valign=\"top\" width=\"96\">1.5 dCi70<\/td>\n<td valign=\"top\" width=\"576\">68 PS \/ 50 KW<\/td>\n<td valign=\"top\" width=\"108\">Diesel<\/td>\n<td valign=\"top\" width=\"144\">93 PS \/ 68 KW<\/td>\n<td valign=\"top\" width=\"84\">+62 NM<\/td>\n<td valign=\"top\" width=\"72\"><\/td>\n<\/tr>\n<tr>\n<td valign=\"top\" width=\"96\">1.5 dCi80<\/td>\n<td valign=\"top\" width=\"576\">82 PS \/ 60 KW<\/td>\n<td valign=\"top\" width=\"108\">Diesel<\/td>\n<td valign=\"top\" width=\"144\">107 PS \/ 79 KW<\/td>\n<td valign=\"top\" width=\"84\">+50 NM<\/td>\n<td valign=\"top\" width=\"72\"><\/td>\n<\/tr>\n<tr>\n<td valign=\"top\" width=\"96\">1.5 dCi85<\/td>\n<td valign=\"top\" width=\"576\">85 PS \/ 62 KW<\/td>\n<td valign=\"top\" width=\"108\">Diesel<\/td>\n<td valign=\"top\" width=\"144\">111 PS \/ 82 KW<\/td>\n<td valign=\"top\" width=\"84\">+60 NM<\/td>\n<td valign=\"top\" width=\"72\"><\/td>\n<\/tr>\n<tr>\n<td valign=\"top\" width=\"96\"><\/td>\n<td valign=\"top\" width=\"576\"><\/td>\n<td valign=\"top\" width=\"108\"><\/td>\n<td valign=\"top\" width=\"144\"><\/td>\n<td valign=\"top\" width=\"84\"><\/td>\n<td valign=\"top\" width=\"72\"><\/td>\n<\/tr>\n<tr>\n<td valign=\"top\" width=\"96\"><img loading=\"lazy\" class=\"alignnone\" alt=\"\" src=\"http:\/\/www.norde.lv\/upload\/Jaunumi\/navara_uzlabots.jpg\" width=\"118\" height=\"78\" \/><strong>\u00a0Navara<\/strong><\/td>\n<td colspan=\"5\" valign=\"top\" width=\"576\"><\/td>\n<\/tr>\n<tr>\n<td valign=\"top\" width=\"96\">2.5 DI<\/td>\n<td valign=\"top\" width=\"576\">133 PS \/ 98 KW<\/td>\n<td valign=\"top\" width=\"108\">Diesel<\/td>\n<td valign=\"top\" width=\"144\">158 PS \/ 116 KW<\/td>\n<td valign=\"top\" width=\"84\">+60 NM<\/td>\n<td valign=\"top\" width=\"72\"><\/td>\n<\/tr>\n<tr>\n<td valign=\"top\" width=\"96\">2.5 dCi<\/td>\n<td valign=\"top\" width=\"576\">171 PS \/ 126 KW<\/td>\n<td valign=\"top\" width=\"108\">Diesel<\/td>\n<td valign=\"top\" width=\"144\">196 PS \/ 144 KW<\/td>\n<td valign=\"top\" width=\"84\">+60 NM<\/td>\n<td valign=\"top\" width=\"72\"><\/td>\n<\/tr>\n<tr>\n<td valign=\"top\" width=\"96\">2.5 dCi<\/td>\n<td valign=\"top\" width=\"576\">174 PS \/ 128 KW<\/td>\n<td valign=\"top\" width=\"108\">Diesel<\/td>\n<td valign=\"top\" width=\"144\">196 PS \/ 144 KW<\/td>\n<td valign=\"top\" width=\"84\">+60 NM<\/td>\n<td valign=\"top\" width=\"72\"><\/td>\n<\/tr>\n<tr>\n<td valign=\"top\" width=\"96\"><\/td>\n<td valign=\"top\" width=\"576\"><\/td>\n<td valign=\"top\" width=\"108\"><\/td>\n<td valign=\"top\" width=\"144\"><\/td>\n<td valign=\"top\" width=\"84\"><\/td>\n<td valign=\"top\" width=\"72\"><\/td>\n<\/tr>\n<tr>\n<td valign=\"top\" width=\"96\">Primastar<\/td>\n<td colspan=\"5\" valign=\"top\" width=\"576\"><\/td>\n<\/tr>\n<tr>\n<td valign=\"top\" width=\"96\">1.9 dCi<\/td>\n<td valign=\"top\" width=\"576\">82 PS \/ 60 KW<\/td>\n<td valign=\"top\" width=\"108\">Diesel<\/td>\n<td valign=\"top\" width=\"144\">105 PS \/ 77 KW<\/td>\n<td valign=\"top\" width=\"84\">+60 NM<\/td>\n<td valign=\"top\" width=\"72\"><\/td>\n<\/tr>\n<tr>\n<td valign=\"top\" width=\"96\">1.9 dCi<\/td>\n<td valign=\"top\" width=\"576\">100 PS \/ 74 KW<\/td>\n<td valign=\"top\" width=\"108\">Diesel<\/td>\n<td valign=\"top\" width=\"144\">132 PS \/ 97 KW<\/td>\n<td valign=\"top\" width=\"84\">+65 NM<\/td>\n<td valign=\"top\" width=\"72\"><\/td>\n<\/tr>\n<tr>\n<td valign=\"top\" width=\"96\">2.0 dCi<\/td>\n<td valign=\"top\" width=\"576\">90 PS \/ 66 KW<\/td>\n<td valign=\"top\" width=\"108\">Diesel<\/td>\n<td valign=\"top\" width=\"144\">120 PS \/ 88 KW<\/td>\n<td valign=\"top\" width=\"84\">+65 NM<\/td>\n<td valign=\"top\" width=\"72\"><\/td>\n<\/tr>\n<tr>\n<td valign=\"top\" width=\"96\">2.0 dCi<\/td>\n<td valign=\"top\" width=\"576\">114 PS \/ 84 KW<\/td>\n<td valign=\"top\" width=\"108\">Diesel<\/td>\n<td valign=\"top\" width=\"144\">150 PS \/ 110 KW<\/td>\n<td valign=\"top\" width=\"84\">+65 NM<\/td>\n<td valign=\"top\" width=\"72\"><\/td>\n<\/tr>\n<tr>\n<td valign=\"top\" width=\"96\">2.5 dCi<\/td>\n<td valign=\"top\" width=\"576\">135 PS \/ 99 KW<\/td>\n<td valign=\"top\" width=\"108\">Diesel<\/td>\n<td valign=\"top\" width=\"144\">165 PS \/ 121 KW<\/td>\n<td valign=\"top\" width=\"84\">+60 NM<\/td>\n<td valign=\"top\" width=\"72\"><\/td>\n<\/tr>\n<tr>\n<td valign=\"top\" width=\"96\">2.5 dCi<\/td>\n<td valign=\"top\" width=\"576\">146 PS \/ 107 KW<\/td>\n<td valign=\"top\" width=\"108\">Diesel<\/td>\n<td valign=\"top\" width=\"144\">180 PS \/ 132 KW<\/td>\n<td valign=\"top\" width=\"84\">+65 NM<\/td>\n<td valign=\"top\" width=\"72\"><\/td>\n<\/tr>\n<\/tbody>\n<\/table>\n","protected":false},"excerpt":{"rendered":"<p>Motor Yaz\u0131l\u0131m \u00d6ncesi Yak\u0131t Yaz\u0131l\u0131m Sonras\u0131 Tork + NM F\u0130yat Interstar 2002- 1.9 dCi 80 PS \/ 59 KW Diesel 110 PS \/ 81 KW +60 NM 2.2 dCi 90 PS \/ 66 KW Diesel 120 PS \/ 88 KW +55 NM 2.5 dCi 114 PS \/ 84 KW Diesel 150 PS \/ 110 KW [&hellip;]<\/p>\n","protected":false},"author":1,"featured_media":0,"parent":0,"menu_order":0,"comment_status":"open","ping_status":"open","template":"","meta":[],"_links":{"self":[{"href":"http:\/\/www.ottochips.com\/index.php?rest_route=\/wp\/v2\/pages\/419"}],"collection":[{"href":"http:\/\/www.ottochips.com\/index.php?rest_route=\/wp\/v2\/pages"}],"about":[{"href":"http:\/\/www.ottochips.com\/index.php?rest_route=\/wp\/v2\/types\/page"}],"author":[{"embeddable":true,"href":"http:\/\/www.ottochips.com\/index.php?rest_route=\/wp\/v2\/users\/1"}],"replies":[{"embeddable":true,"href":"http:\/\/www.ottochips.com\/index.php?rest_route=%2Fwp%2Fv2%2Fcomments&post=419"}],"version-history":[{"count":3,"href":"http:\/\/www.ottochips.com\/index.php?rest_route=\/wp\/v2\/pages\/419\/revisions"}],"predecessor-version":[{"id":559,"href":"http:\/\/www.ottochips.com\/index.php?rest_route=\/wp\/v2\/pages\/419\/revisions\/559"}],"wp:attachment":[{"href":"http:\/\/www.ottochips.com\/index.php?rest_route=%2Fwp%2Fv2%2Fmedia&parent=419"}],"curies":[{"name":"wp","href":"https:\/\/api.w.org\/{rel}","templated":true}]}}