{"id":428,"date":"2014-04-02T15:15:39","date_gmt":"2014-04-02T12:15:39","guid":{"rendered":"http:\/\/www.ottochips.com\/?page_id=428"},"modified":"2014-05-15T12:02:03","modified_gmt":"2014-05-15T09:02:03","slug":"renault-ticari","status":"publish","type":"page","link":"http:\/\/www.ottochips.com\/?page_id=428","title":{"rendered":"Renault (Ticari)"},"content":{"rendered":"<table width=\"636\" border=\"1\" cellspacing=\"0\" cellpadding=\"0\">\n<tbody>\n<tr>\n<td valign=\"top\" width=\"96\"><strong>Motor<\/strong><\/td>\n<td valign=\"top\" width=\"540\"><strong>Yaz\u0131l\u0131m \u00d6ncesi<\/strong><\/td>\n<td valign=\"top\" width=\"120\"><strong>Tork<\/strong><\/td>\n<td valign=\"top\" width=\"132\"><strong>Yaz\u0131l\u0131m Sonras\u0131<\/strong><\/td>\n<td valign=\"top\" width=\"72\"><strong>Tork + NM <\/strong><\/td>\n<td valign=\"top\" width=\"72\"><strong>Fiyat<\/strong><\/td>\n<\/tr>\n<tr>\n<td colspan=\"6\" valign=\"top\"><strong><img loading=\"lazy\" class=\"alignnone\" alt=\"\" src=\"http:\/\/www.carpages.co.uk\/renault\/renault-images\/renault_kangoo_trekka_4x4_18_02_05.jpg\" width=\"94\" height=\"57\" \/> Kangoo (1998 ve Sonras\u0131)<\/strong><\/td>\n<\/tr>\n<tr>\n<td valign=\"top\" width=\"96\">1.2 16V<\/td>\n<td valign=\"top\" width=\"540\">75 PS \/ 55 KW<\/td>\n<td valign=\"top\" width=\"120\"><\/td>\n<td valign=\"top\" width=\"132\">82 PS \/ 60 KW<\/td>\n<td valign=\"top\" width=\"72\">+10 NM<\/td>\n<td valign=\"top\" width=\"72\"><\/td>\n<\/tr>\n<tr>\n<td valign=\"top\" width=\"96\">1.4<\/td>\n<td valign=\"top\" width=\"540\">75 PS \/ 55 KW<\/td>\n<td valign=\"top\" width=\"120\"><\/td>\n<td valign=\"top\" width=\"132\">82 PS \/ 60 KW<\/td>\n<td valign=\"top\" width=\"72\">+11 NM<\/td>\n<td valign=\"top\" width=\"72\"><\/td>\n<\/tr>\n<tr>\n<td valign=\"top\" width=\"96\">1.5 dCi<\/td>\n<td valign=\"top\" width=\"540\">57 PS \/ 42 KW<\/td>\n<td valign=\"top\" width=\"120\"><\/td>\n<td valign=\"top\" width=\"132\">88 PS \/ 65 KW<\/td>\n<td valign=\"top\" width=\"72\">+55 NM<\/td>\n<td valign=\"top\" width=\"72\"><\/td>\n<\/tr>\n<tr>\n<td valign=\"top\" width=\"96\">1.5 dCi<\/td>\n<td valign=\"top\" width=\"540\">65 PS \/ 48 KW<\/td>\n<td valign=\"top\" width=\"120\"><\/td>\n<td valign=\"top\" width=\"132\">90 PS \/ 66 KW<\/td>\n<td valign=\"top\" width=\"72\">+56 NM<\/td>\n<td valign=\"top\" width=\"72\"><\/td>\n<\/tr>\n<tr>\n<td valign=\"top\" width=\"96\">1.5 dCi<\/td>\n<td valign=\"top\" width=\"540\">68 PS \/ 50 KW<\/td>\n<td valign=\"top\" width=\"120\"><\/td>\n<td valign=\"top\" width=\"132\">93 PS \/ 68 KW<\/td>\n<td valign=\"top\" width=\"72\">+62 NM<\/td>\n<td valign=\"top\" width=\"72\"><\/td>\n<\/tr>\n<tr>\n<td valign=\"top\" width=\"96\">1.5 dCi<\/td>\n<td valign=\"top\" width=\"540\">80 PS \/ 59 KW<\/td>\n<td valign=\"top\" width=\"120\"><\/td>\n<td valign=\"top\" width=\"132\">105 PS \/ 77 KW<\/td>\n<td valign=\"top\" width=\"72\">+50 NM<\/td>\n<td valign=\"top\" width=\"72\"><\/td>\n<\/tr>\n<tr>\n<td valign=\"top\" width=\"96\">1.5 dCi<\/td>\n<td valign=\"top\" width=\"540\">82 PS \/ 60 KW<\/td>\n<td valign=\"top\" width=\"120\"><\/td>\n<td valign=\"top\" width=\"132\">107 PS \/ 79 KW<\/td>\n<td valign=\"top\" width=\"72\">+50 NM<\/td>\n<td valign=\"top\" width=\"72\"><\/td>\n<\/tr>\n<tr>\n<td valign=\"top\" width=\"96\">1.5 dCi<\/td>\n<td valign=\"top\" width=\"540\">84 PS \/ 62 KW<\/td>\n<td valign=\"top\" width=\"120\"><\/td>\n<td valign=\"top\" width=\"132\">111 PS \/ 82 KW<\/td>\n<td valign=\"top\" width=\"72\">+60 NM<\/td>\n<td valign=\"top\" width=\"72\"><\/td>\n<\/tr>\n<tr>\n<td valign=\"top\" width=\"96\">1.6<\/td>\n<td valign=\"top\" width=\"540\">95 PS \/ 70 KW<\/td>\n<td valign=\"top\" width=\"120\"><\/td>\n<td valign=\"top\" width=\"132\">109 PS \/ 80 KW<\/td>\n<td valign=\"top\" width=\"72\">+14 NM<\/td>\n<td valign=\"top\" width=\"72\"><\/td>\n<\/tr>\n<tr>\n<td valign=\"top\" width=\"96\">1.9 dTi<\/td>\n<td valign=\"top\" width=\"540\">80 PS \/ 59 KW<\/td>\n<td valign=\"top\" width=\"120\"><\/td>\n<td valign=\"top\" width=\"132\">105 PS \/ 77 KW<\/td>\n<td valign=\"top\" width=\"72\">+60 NM<\/td>\n<td valign=\"top\" width=\"72\"><\/td>\n<\/tr>\n<tr>\n<td valign=\"top\" width=\"96\">1.9 dTi<\/td>\n<td valign=\"top\" width=\"540\">84 PS \/ 62 KW<\/td>\n<td valign=\"top\" width=\"120\"><\/td>\n<td valign=\"top\" width=\"132\">110 PS \/ 81 KW<\/td>\n<td valign=\"top\" width=\"72\">+56 NM<\/td>\n<td valign=\"top\" width=\"72\"><\/td>\n<\/tr>\n<tr>\n<td colspan=\"6\" valign=\"top\"><strong><img loading=\"lazy\" class=\"alignnone\" alt=\"\" src=\"http:\/\/www.voiture-france.fr\/img\/RENAULT-Master-Blanc-Utilitaire-15457.jpg\" width=\"98\" height=\"75\" \/>\u00a0 Master I (1997-1998)<\/strong><\/td>\n<\/tr>\n<tr>\n<td valign=\"top\" width=\"96\">2.5 dTi<\/td>\n<td valign=\"top\" width=\"540\">115 PS \/ 85 KW<\/td>\n<td valign=\"top\" width=\"120\"><\/td>\n<td valign=\"top\" width=\"132\">140 PS \/ 103 KW<\/td>\n<td valign=\"top\" width=\"72\">+65 NM<\/td>\n<td valign=\"top\" width=\"72\"><\/td>\n<\/tr>\n<tr>\n<td colspan=\"6\" valign=\"top\"><strong><img loading=\"lazy\" class=\"alignnone\" alt=\"\" src=\"http:\/\/www.autoweb.co.uk\/comm_pix\/767.jpg\" width=\"98\" height=\"72\" \/>\u00a0 Master II (1998-2003)<\/strong><\/td>\n<\/tr>\n<tr>\n<td valign=\"top\" width=\"96\">1.9 dTi<\/td>\n<td valign=\"top\" width=\"540\">80 PS \/ 59 KW<\/td>\n<td valign=\"top\" width=\"120\"><\/td>\n<td valign=\"top\" width=\"132\">105 PS \/ 77 KW<\/td>\n<td valign=\"top\" width=\"72\">+60 NM<\/td>\n<td valign=\"top\" width=\"72\"><\/td>\n<\/tr>\n<tr>\n<td valign=\"top\" width=\"96\">1.9 dCi<\/td>\n<td valign=\"top\" width=\"540\">82 PS \/ 60 KW<\/td>\n<td valign=\"top\" width=\"120\">200 NM<\/td>\n<td valign=\"top\" width=\"132\">105 PS \/ 77 KW<\/td>\n<td valign=\"top\" width=\"72\">+60 NM<\/td>\n<td valign=\"top\" width=\"72\"><\/td>\n<\/tr>\n<tr>\n<td valign=\"top\" width=\"96\">2.2 dCi<\/td>\n<td valign=\"top\" width=\"540\">90 PS \/ 260 NM<\/td>\n<td valign=\"top\" width=\"120\">260 NM<\/td>\n<td valign=\"top\" width=\"132\">125 PS \/ 92 KW<\/td>\n<td valign=\"top\" width=\"72\">+60 NM<\/td>\n<td valign=\"top\" width=\"72\"><\/td>\n<\/tr>\n<tr>\n<td valign=\"top\" width=\"96\">2.5 dCi<\/td>\n<td valign=\"top\" width=\"540\">115 PS \/ 85 KW<\/td>\n<td valign=\"top\" width=\"120\">290 NM<\/td>\n<td valign=\"top\" width=\"132\">150 PS \/ 110 KW<\/td>\n<td valign=\"top\" width=\"72\">+65 NM<\/td>\n<td valign=\"top\" width=\"72\"><\/td>\n<\/tr>\n<tr>\n<td valign=\"top\" width=\"96\">2.8 dTi<\/td>\n<td valign=\"top\" width=\"540\">114 PS \/ 84 KW<\/td>\n<td valign=\"top\" width=\"120\"><\/td>\n<td valign=\"top\" width=\"132\">151 PS \/ 111 KW<\/td>\n<td valign=\"top\" width=\"72\">+70 NM<\/td>\n<td valign=\"top\" width=\"72\"><\/td>\n<\/tr>\n<tr>\n<td valign=\"top\" width=\"96\">2.8 dTi<\/td>\n<td valign=\"top\" width=\"540\">116 PS \/ 85 KW<\/td>\n<td valign=\"top\" width=\"120\"><\/td>\n<td valign=\"top\" width=\"132\">151 PS \/ 111 KW<\/td>\n<td valign=\"top\" width=\"72\">+70 NM<\/td>\n<td valign=\"top\" width=\"72\"><\/td>\n<\/tr>\n<tr>\n<td colspan=\"6\" valign=\"top\"><strong><img loading=\"lazy\" class=\"alignnone\" alt=\"\" src=\"http:\/\/www.goliattrans.ro\/images\/master.jpg\" width=\"103\" height=\"77\" \/> Master III (2003 ve Sonras\u0131)<\/strong><\/td>\n<\/tr>\n<tr>\n<td valign=\"top\" width=\"96\">1.9 dCi<\/td>\n<td valign=\"top\" width=\"540\">82 PS \/ 60 KW<\/td>\n<td valign=\"top\" width=\"120\">200 NM<\/td>\n<td valign=\"top\" width=\"132\">105 PS \/ 77 KW<\/td>\n<td valign=\"top\" width=\"72\">+60 NM<\/td>\n<td valign=\"top\" width=\"72\"><\/td>\n<\/tr>\n<tr>\n<td valign=\"top\" width=\"96\">2.2 dCi<\/td>\n<td valign=\"top\" width=\"540\">90 PS \/ 260 NM<\/td>\n<td valign=\"top\" width=\"120\">260 NM<\/td>\n<td valign=\"top\" width=\"132\">125 PS \/ 92 KW<\/td>\n<td valign=\"top\" width=\"72\">+60 NM<\/td>\n<td valign=\"top\" width=\"72\"><\/td>\n<\/tr>\n<tr>\n<td valign=\"top\" width=\"96\">2.5 dCi<\/td>\n<td valign=\"top\" width=\"540\">100 PS \/ 74 KW<\/td>\n<td valign=\"top\" width=\"120\">260 NM<\/td>\n<td valign=\"top\" width=\"132\">132 PS \/ 97 KW<\/td>\n<td valign=\"top\" width=\"72\">+75 NM<\/td>\n<td valign=\"top\" width=\"72\"><\/td>\n<\/tr>\n<tr>\n<td valign=\"top\" width=\"96\">2.5 dCi<\/td>\n<td valign=\"top\" width=\"540\">114 PS \/ 84 KW<\/td>\n<td valign=\"top\" width=\"120\">290 NM<\/td>\n<td valign=\"top\" width=\"132\">150 PS \/ 110 KW<\/td>\n<td valign=\"top\" width=\"72\">+65 NM<\/td>\n<td valign=\"top\" width=\"72\"><\/td>\n<\/tr>\n<tr>\n<td valign=\"top\" width=\"96\">2.5 dCi<\/td>\n<td valign=\"top\" width=\"540\">120 PS \/ 88 KW<\/td>\n<td valign=\"top\" width=\"120\">300 NM<\/td>\n<td valign=\"top\" width=\"132\">160 PS \/ 118 KW<\/td>\n<td valign=\"top\" width=\"72\">+65 NM<\/td>\n<td valign=\"top\" width=\"72\"><\/td>\n<\/tr>\n<tr>\n<td valign=\"top\" width=\"96\">2.5 dCi<\/td>\n<td valign=\"top\" width=\"540\">146 PS \/ 107 KW<\/td>\n<td valign=\"top\" width=\"120\"><\/td>\n<td valign=\"top\" width=\"132\">180 PS \/ 132 KW<\/td>\n<td valign=\"top\" width=\"72\">+65 NM<\/td>\n<td valign=\"top\" width=\"72\"><\/td>\n<\/tr>\n<tr>\n<td valign=\"top\" width=\"96\">2.5 dCi<\/td>\n<td valign=\"top\" width=\"540\">150 PS \/ 110 KW<\/td>\n<td valign=\"top\" width=\"120\">320 NM<\/td>\n<td valign=\"top\" width=\"132\">173 PS \/ 127 KW<\/td>\n<td valign=\"top\" width=\"72\">+60 NM<\/td>\n<td valign=\"top\" width=\"72\"><\/td>\n<\/tr>\n<tr>\n<td valign=\"top\" width=\"96\">3.0 dCi<\/td>\n<td valign=\"top\" width=\"540\">136 PS \/ 100 KW<\/td>\n<td valign=\"top\" width=\"120\">320 NM<\/td>\n<td valign=\"top\" width=\"132\">171 PS \/ 126 KW<\/td>\n<td valign=\"top\" width=\"72\">+70 NM<\/td>\n<td valign=\"top\" width=\"72\"><\/td>\n<\/tr>\n<tr>\n<td valign=\"top\" width=\"96\">3.0 dCi<\/td>\n<td valign=\"top\" width=\"540\">156 PS \/ 115 KW<\/td>\n<td valign=\"top\" width=\"120\">350 NM<\/td>\n<td valign=\"top\" width=\"132\">182 PS \/ 134 KW<\/td>\n<td valign=\"top\" width=\"72\">+60 NM<\/td>\n<td valign=\"top\" width=\"72\"><\/td>\n<\/tr>\n<tr>\n<td colspan=\"6\" valign=\"top\"><strong><img loading=\"lazy\" class=\"alignnone\" alt=\"\" src=\"http:\/\/www.itusozluk.com\/image\/renault-trafic_43132.jpg\" width=\"102\" height=\"71\" \/> Trafic<\/strong><\/td>\n<\/tr>\n<tr>\n<td valign=\"top\" width=\"96\">1.9 dTi<\/td>\n<td valign=\"top\" width=\"540\">80 PS \/ 59 KW<\/td>\n<td valign=\"top\" width=\"120\"><\/td>\n<td valign=\"top\" width=\"132\">105 PS \/ 77 KW<\/td>\n<td valign=\"top\" width=\"72\">+60 NM<\/td>\n<td valign=\"top\" width=\"72\"><\/td>\n<\/tr>\n<tr>\n<td valign=\"top\" width=\"96\">1.9 dCi<\/td>\n<td valign=\"top\" width=\"540\">100 PS \/ 74 KW<\/td>\n<td valign=\"top\" width=\"120\"><\/td>\n<td valign=\"top\" width=\"132\">132 PS \/ 97 KW<\/td>\n<td valign=\"top\" width=\"72\">+65 NM<\/td>\n<td valign=\"top\" width=\"72\"><\/td>\n<\/tr>\n<tr>\n<td valign=\"top\" width=\"96\">2.0 dCi<\/td>\n<td valign=\"top\" width=\"540\">90 PS \/ 66 KW<\/td>\n<td valign=\"top\" width=\"120\"><\/td>\n<td valign=\"top\" width=\"132\">120 PS \/ 88 KW<\/td>\n<td valign=\"top\" width=\"72\">+65 NM<\/td>\n<td valign=\"top\" width=\"72\"><\/td>\n<\/tr>\n<tr>\n<td valign=\"top\" width=\"96\">2.0 dCi<\/td>\n<td valign=\"top\" width=\"540\">114 PS \/ 84 KW<\/td>\n<td valign=\"top\" width=\"120\"><\/td>\n<td valign=\"top\" width=\"132\">150 PS \/ 110 KW<\/td>\n<td valign=\"top\" width=\"72\">+65 NM<\/td>\n<td valign=\"top\" width=\"72\"><\/td>\n<\/tr>\n<tr>\n<td valign=\"top\" width=\"96\">2.5 dCi<\/td>\n<td valign=\"top\" width=\"540\">146 PS \/ 107 KW<\/td>\n<td valign=\"top\" width=\"120\"><\/td>\n<td valign=\"top\" width=\"132\">180 PS \/ 132 KW<\/td>\n<td valign=\"top\" width=\"72\">+65 NM<\/td>\n<td valign=\"top\" width=\"72\"><\/td>\n<\/tr>\n<\/tbody>\n<\/table>\n","protected":false},"excerpt":{"rendered":"<p>Motor Yaz\u0131l\u0131m \u00d6ncesi Tork Yaz\u0131l\u0131m Sonras\u0131 Tork + NM Fiyat Kangoo (1998 ve Sonras\u0131) 1.2 16V 75 PS \/ 55 KW 82 PS \/ 60 KW +10 NM 1.4 75 PS \/ 55 KW 82 PS \/ 60 KW +11 NM 1.5 dCi 57 PS \/ 42 KW 88 PS \/ 65 KW +55 NM [&hellip;]<\/p>\n","protected":false},"author":1,"featured_media":0,"parent":0,"menu_order":0,"comment_status":"open","ping_status":"open","template":"","meta":[],"_links":{"self":[{"href":"http:\/\/www.ottochips.com\/index.php?rest_route=\/wp\/v2\/pages\/428"}],"collection":[{"href":"http:\/\/www.ottochips.com\/index.php?rest_route=\/wp\/v2\/pages"}],"about":[{"href":"http:\/\/www.ottochips.com\/index.php?rest_route=\/wp\/v2\/types\/page"}],"author":[{"embeddable":true,"href":"http:\/\/www.ottochips.com\/index.php?rest_route=\/wp\/v2\/users\/1"}],"replies":[{"embeddable":true,"href":"http:\/\/www.ottochips.com\/index.php?rest_route=%2Fwp%2Fv2%2Fcomments&post=428"}],"version-history":[{"count":6,"href":"http:\/\/www.ottochips.com\/index.php?rest_route=\/wp\/v2\/pages\/428\/revisions"}],"predecessor-version":[{"id":572,"href":"http:\/\/www.ottochips.com\/index.php?rest_route=\/wp\/v2\/pages\/428\/revisions\/572"}],"wp:attachment":[{"href":"http:\/\/www.ottochips.com\/index.php?rest_route=%2Fwp%2Fv2%2Fmedia&parent=428"}],"curies":[{"name":"wp","href":"https:\/\/api.w.org\/{rel}","templated":true}]}}