{"id":434,"date":"2014-04-02T15:17:21","date_gmt":"2014-04-02T12:17:21","guid":{"rendered":"http:\/\/www.ottochips.com\/?page_id=434"},"modified":"2014-05-15T12:32:40","modified_gmt":"2014-05-15T09:32:40","slug":"volkswagen-ticari","status":"publish","type":"page","link":"http:\/\/www.ottochips.com\/?page_id=434","title":{"rendered":"Volkswagen (Ticari)"},"content":{"rendered":"<table width=\"686\" border=\"1\" cellspacing=\"0\" cellpadding=\"0\">\n<tbody>\n<tr>\n<td valign=\"top\" width=\"566\"><strong>Motor<\/strong><\/td>\n<td valign=\"top\" width=\"566\"><strong>Yaz\u0131l\u0131m \u00d6ncesi<\/strong><\/td>\n<td colspan=\"2\" valign=\"top\" width=\"566\"><\/td>\n<td valign=\"top\" width=\"566\"><strong>Yaz\u0131l\u0131m Sonras\u0131<\/strong><\/td>\n<td valign=\"top\" width=\"566\"><strong>Tork + NM <\/strong><\/td>\n<td valign=\"top\" width=\"566\"><strong>Fiyat<\/strong><\/td>\n<\/tr>\n<tr>\n<td colspan=\"7\" valign=\"top\"><strong><img loading=\"lazy\" class=\"alignnone\" alt=\"\" src=\"http:\/\/imganuncios.mitula.net\/0600_vw_caddy_1_6_petrol_96635404690769003.jpg\" width=\"114\" height=\"66\" \/> VW Caddy Typ 9KV (1995-2003)<\/strong><\/td>\n<\/tr>\n<tr>\n<td valign=\"top\" width=\"566\">1.4<\/td>\n<td colspan=\"3\" valign=\"top\" width=\"566\">60 PS \/ 44 KW<\/td>\n<td valign=\"top\" width=\"566\">67 PS \/ 49 KW<\/td>\n<td valign=\"top\" width=\"566\">+12 NM<\/td>\n<td valign=\"top\" width=\"566\"><\/td>\n<\/tr>\n<tr>\n<td valign=\"top\" width=\"566\">1.4<\/td>\n<td colspan=\"3\" valign=\"top\" width=\"566\">75 PS \/ 55 KW<\/td>\n<td valign=\"top\" width=\"566\">84 PS \/ 62 KW<\/td>\n<td valign=\"top\" width=\"566\">+12 NM<\/td>\n<td valign=\"top\" width=\"566\"><\/td>\n<\/tr>\n<tr>\n<td valign=\"top\" width=\"566\">1.6<\/td>\n<td colspan=\"3\" valign=\"top\" width=\"566\">75 PS \/ 55 KW<\/td>\n<td valign=\"top\" width=\"566\">89 PS \/ 65 KW<\/td>\n<td valign=\"top\" width=\"566\">+15 NM<\/td>\n<td valign=\"top\" width=\"566\"><\/td>\n<\/tr>\n<tr>\n<td valign=\"top\" width=\"566\">1.9 SDI<\/td>\n<td colspan=\"3\" valign=\"top\" width=\"566\">64 PS \/ 47 KW<\/td>\n<td valign=\"top\" width=\"566\">82 PS \/ 60 KW<\/td>\n<td valign=\"top\" width=\"566\">+22 NM<\/td>\n<td valign=\"top\" width=\"566\"><\/td>\n<\/tr>\n<tr>\n<td valign=\"top\" width=\"566\">1.9 TDI<\/td>\n<td colspan=\"3\" valign=\"top\" width=\"566\">90 PS \/ 66 KW<\/td>\n<td valign=\"top\" width=\"566\">115 PS \/ 85 KW<\/td>\n<td valign=\"top\" width=\"566\">+75 NM<\/td>\n<td valign=\"top\" width=\"566\"><\/td>\n<\/tr>\n<tr>\n<td valign=\"top\" width=\"566\"><\/td>\n<td colspan=\"3\" valign=\"top\" width=\"566\"><\/td>\n<td valign=\"top\" width=\"566\"><\/td>\n<td valign=\"top\" width=\"566\"><\/td>\n<td valign=\"top\" width=\"566\"><\/td>\n<\/tr>\n<tr>\n<td colspan=\"7\" valign=\"top\"><strong><img loading=\"lazy\" class=\"alignnone\" alt=\"\" src=\"http:\/\/srv2.betterparts.org\/images\/vw-caddy-life-14.jpg\" width=\"116\" height=\"74\" \/> VW Caddy Typ 2K (2004 ve Sonras\u0131)<\/strong><\/td>\n<\/tr>\n<tr>\n<td valign=\"top\" width=\"566\">1.4<\/td>\n<td colspan=\"3\" valign=\"top\" width=\"566\">75 PS \/ 55 KW<\/td>\n<td valign=\"top\" width=\"566\">84 PS \/ 62 KW<\/td>\n<td valign=\"top\" width=\"566\">+12 NM<\/td>\n<td valign=\"top\" width=\"566\"><\/td>\n<\/tr>\n<tr>\n<td valign=\"top\" width=\"566\">1.6<\/td>\n<td colspan=\"3\" valign=\"top\" width=\"566\">102 PS \/ 75 KW<\/td>\n<td valign=\"top\" width=\"566\">112 PS \/ 82 KW<\/td>\n<td valign=\"top\" width=\"566\">+14 NM<\/td>\n<td valign=\"top\" width=\"566\"><\/td>\n<\/tr>\n<tr>\n<td valign=\"top\" width=\"566\">1.9 TDI, PD<\/td>\n<td colspan=\"3\" valign=\"top\" width=\"566\">90 PS \/ 66 KW<\/td>\n<td valign=\"top\" width=\"566\">125 PS \/ 92 KW<\/td>\n<td valign=\"top\" width=\"566\">+70 NM<\/td>\n<td valign=\"top\" width=\"566\"><\/td>\n<\/tr>\n<tr>\n<td valign=\"top\" width=\"566\">1.9 TDI, PD<\/td>\n<td colspan=\"3\" valign=\"top\" width=\"566\">105 PS \/ 77 KW<\/td>\n<td valign=\"top\" width=\"566\">135 PS \/ 99 KW<\/td>\n<td valign=\"top\" width=\"566\">+70 NM<\/td>\n<td valign=\"top\" width=\"566\"><\/td>\n<\/tr>\n<tr>\n<td valign=\"top\" width=\"566\">2.0 SDI<\/td>\n<td colspan=\"3\" valign=\"top\" width=\"566\">69 PS \/ 51 KW<\/td>\n<td valign=\"top\" width=\"566\">87 PS \/ 64 KW<\/td>\n<td valign=\"top\" width=\"566\">+18 NM<\/td>\n<td valign=\"top\" width=\"566\"><\/td>\n<\/tr>\n<tr>\n<td valign=\"top\" width=\"566\">2.0 LPG<\/td>\n<td colspan=\"3\" valign=\"top\" width=\"566\">109 PS \/ 80 KW<\/td>\n<td valign=\"top\" width=\"566\">119 PS \/ 88 KW<\/td>\n<td valign=\"top\" width=\"566\">+16 NM<\/td>\n<td valign=\"top\" width=\"566\"><\/td>\n<\/tr>\n<tr>\n<td valign=\"top\" width=\"566\"><\/td>\n<td colspan=\"3\" valign=\"top\" width=\"566\"><\/td>\n<td valign=\"top\" width=\"566\"><\/td>\n<td valign=\"top\" width=\"566\"><\/td>\n<td valign=\"top\" width=\"566\"><\/td>\n<\/tr>\n<tr>\n<td colspan=\"7\" valign=\"top\"><strong><img loading=\"lazy\" class=\"alignnone\" alt=\"\" src=\"http:\/\/globalcarbrands.com\/i\/volkswagen\/volkswagen-transporter-syncro\/volkswagen-transporter-syncro-08.jpg\" width=\"116\" height=\"79\" \/> VW Transporter\u00a0Typ T4 (1990-2003)<\/strong><\/td>\n<\/tr>\n<tr>\n<td valign=\"top\" width=\"566\">2.5 TDI<\/td>\n<td colspan=\"3\" valign=\"top\" width=\"566\">88 PS \/ 65 KW<\/td>\n<td valign=\"top\" width=\"566\">102 PS \/ 75 KW<\/td>\n<td valign=\"top\" width=\"566\">+55 NM<\/td>\n<td valign=\"top\" width=\"566\"><\/td>\n<\/tr>\n<tr>\n<td valign=\"top\" width=\"566\">2.5 TDI<\/td>\n<td colspan=\"3\" valign=\"top\" width=\"566\">102 PS \/ 75 KW<\/td>\n<td valign=\"top\" width=\"566\">137 PS \/ 101 KW<\/td>\n<td valign=\"top\" width=\"566\">+76 NM<\/td>\n<td valign=\"top\" width=\"566\"><\/td>\n<\/tr>\n<tr>\n<td valign=\"top\" width=\"566\">2.5 TDI<\/td>\n<td colspan=\"3\" valign=\"top\" width=\"566\">150 PS \/ 110 KW<\/td>\n<td valign=\"top\" width=\"566\">181 PS \/ 133 KW<\/td>\n<td valign=\"top\" width=\"566\">+70 NM<\/td>\n<td valign=\"top\" width=\"566\"><\/td>\n<\/tr>\n<tr>\n<td valign=\"top\" width=\"566\">2.5<\/td>\n<td colspan=\"3\" valign=\"top\" width=\"566\">110 PS \/ 81 KW<\/td>\n<td valign=\"top\" width=\"566\">123 PS \/ 90 KW<\/td>\n<td valign=\"top\" width=\"566\">+22 NM<\/td>\n<td valign=\"top\" width=\"566\"><\/td>\n<\/tr>\n<tr>\n<td valign=\"top\" width=\"566\">2.5<\/td>\n<td colspan=\"3\" valign=\"top\" width=\"566\">115 PS \/ 85 KW<\/td>\n<td valign=\"top\" width=\"566\">126 PS \/ 93 KW<\/td>\n<td valign=\"top\" width=\"566\">+19 NM<\/td>\n<td valign=\"top\" width=\"566\"><\/td>\n<\/tr>\n<tr>\n<td valign=\"top\" width=\"566\">2.8 VR6<\/td>\n<td colspan=\"3\" valign=\"top\" width=\"566\">140 PS \/ 103 KW<\/td>\n<td valign=\"top\" width=\"566\">158 PS \/ 116 KW<\/td>\n<td valign=\"top\" width=\"566\">+18 NM<\/td>\n<td valign=\"top\" width=\"566\"><\/td>\n<\/tr>\n<tr>\n<td valign=\"top\" width=\"566\">2.8 VR6<\/td>\n<td colspan=\"3\" valign=\"top\" width=\"566\">204 PS \/ 150 KW<\/td>\n<td valign=\"top\" width=\"566\">224 PS \/ 165 KW<\/td>\n<td valign=\"top\" width=\"566\">+16 NM<\/td>\n<td valign=\"top\" width=\"566\"><\/td>\n<\/tr>\n<tr>\n<td valign=\"top\" width=\"566\"><\/td>\n<td colspan=\"3\" valign=\"top\" width=\"566\"><\/td>\n<td valign=\"top\" width=\"566\"><\/td>\n<td valign=\"top\" width=\"566\"><\/td>\n<td valign=\"top\" width=\"566\"><\/td>\n<\/tr>\n<tr>\n<td colspan=\"7\" valign=\"top\"><img loading=\"lazy\" class=\"alignnone\" alt=\"\" src=\"http:\/\/www.productioncars.com\/send_file.php\/volkswagen_transporter_blue_2005.jpg\" width=\"117\" height=\"86\" \/><strong> VW Transporter\u00a0Typ<\/strong>\u00a0<strong>T5 (2003 ve Sonras\u0131)<\/strong><\/td>\n<\/tr>\n<tr>\n<td valign=\"top\" width=\"566\">1.9 TDI DPF<\/td>\n<td colspan=\"3\" valign=\"top\" width=\"566\">84 PS \/ 62 KW<\/td>\n<td valign=\"top\" width=\"566\">105 PS \/ 77 KW<\/td>\n<td valign=\"top\" width=\"566\">+56 NM<\/td>\n<td valign=\"top\" width=\"566\"><\/td>\n<\/tr>\n<tr>\n<td valign=\"top\" width=\"566\">1.9 TDI<\/td>\n<td colspan=\"3\" valign=\"top\" width=\"566\">86 PS \/ 63 KW<\/td>\n<td valign=\"top\" width=\"566\">110 PS \/ 81 KW<\/td>\n<td valign=\"top\" width=\"566\">+66 NM<\/td>\n<td valign=\"top\" width=\"566\"><\/td>\n<\/tr>\n<tr>\n<td valign=\"top\" width=\"566\">1.9 TDI DPF<\/td>\n<td colspan=\"3\" valign=\"top\" width=\"566\">102 PS \/ 75 KW<\/td>\n<td valign=\"top\" width=\"566\">123 PS \/ 90 KW<\/td>\n<td valign=\"top\" width=\"566\">+60 NM<\/td>\n<td valign=\"top\" width=\"566\"><\/td>\n<\/tr>\n<tr>\n<td valign=\"top\" width=\"566\">1.9 TDI<\/td>\n<td colspan=\"3\" valign=\"top\" width=\"566\">105 PS \/ 77 KW<\/td>\n<td valign=\"top\" width=\"566\">135 PS \/ 99 KW<\/td>\n<td valign=\"top\" width=\"566\">+70 NM<\/td>\n<td valign=\"top\" width=\"566\"><\/td>\n<\/tr>\n<tr>\n<td valign=\"top\" width=\"566\">2.0<\/td>\n<td colspan=\"3\" valign=\"top\" width=\"566\">115 PS \/ 85 KW<\/td>\n<td valign=\"top\" width=\"566\">125 PS \/ 92 KW<\/td>\n<td valign=\"top\" width=\"566\">+11 NM<\/td>\n<td valign=\"top\" width=\"566\"><\/td>\n<\/tr>\n<tr>\n<td valign=\"top\" width=\"566\">2.5 TDI<\/td>\n<td colspan=\"3\" valign=\"top\" width=\"566\">131 PS \/ 96 KW<\/td>\n<td valign=\"top\" width=\"566\">166 PS \/ 122 KW<\/td>\n<td valign=\"top\" width=\"566\">+76 NM<\/td>\n<td valign=\"top\" width=\"566\"><\/td>\n<\/tr>\n<tr>\n<td valign=\"top\" width=\"566\">2.5 TDI<\/td>\n<td colspan=\"3\" valign=\"top\" width=\"566\">174 PS \/ 128 KW<\/td>\n<td valign=\"top\" width=\"566\">209 PS \/ 154 KW<\/td>\n<td valign=\"top\" width=\"566\">+65 NM<\/td>\n<td valign=\"top\" width=\"566\"><\/td>\n<\/tr>\n<tr>\n<td valign=\"top\" width=\"566\">3.2 V6<\/td>\n<td colspan=\"3\" valign=\"top\" width=\"566\">235 PS \/ 173 KW<\/td>\n<td valign=\"top\" width=\"566\">254 PS \/ 187 KW<\/td>\n<td valign=\"top\" width=\"566\">+22 NM<\/td>\n<td valign=\"top\" width=\"566\"><\/td>\n<\/tr>\n<tr>\n<td valign=\"top\" width=\"566\"><\/td>\n<td colspan=\"3\" valign=\"top\" width=\"566\"><\/td>\n<td valign=\"top\" width=\"566\"><\/td>\n<td valign=\"top\" width=\"566\"><\/td>\n<td valign=\"top\" width=\"566\"><\/td>\n<\/tr>\n<tr>\n<td colspan=\"7\" valign=\"top\"><strong><img loading=\"lazy\" class=\"alignnone\" alt=\"\" src=\"http:\/\/www.autoplenum.de\/Bilder\/P\/p0009366\/VW\/VW-LT-35-TDI--2004-2006-.jpg\" width=\"119\" height=\"82\" \/> VW LT Typ 2 (1996-2006)<\/strong><\/td>\n<\/tr>\n<tr>\n<td valign=\"top\" width=\"566\">2.3<\/td>\n<td colspan=\"3\" valign=\"top\" width=\"566\">143 PS \/ 105 KW<\/td>\n<td valign=\"top\" width=\"566\">156 PS \/ 115 KW<\/td>\n<td valign=\"top\" width=\"566\">+16 NM<\/td>\n<td valign=\"top\" width=\"566\"><\/td>\n<\/tr>\n<tr>\n<td valign=\"top\" width=\"566\">2.5 SDI<\/td>\n<td colspan=\"3\" valign=\"top\" width=\"566\">75 PS \/ 55 KW<\/td>\n<td valign=\"top\" width=\"566\">89 PS \/ 65 KW<\/td>\n<td valign=\"top\" width=\"566\">+20 NM<\/td>\n<td valign=\"top\" width=\"566\"><\/td>\n<\/tr>\n<tr>\n<td valign=\"top\" width=\"566\">2.5 TDI<\/td>\n<td colspan=\"3\" valign=\"top\" width=\"566\">83 PS \/ 61 KW<\/td>\n<td valign=\"top\" width=\"566\">102 PS \/ 75 KW<\/td>\n<td valign=\"top\" width=\"566\">+55 NM<\/td>\n<td valign=\"top\" width=\"566\"><\/td>\n<\/tr>\n<tr>\n<td valign=\"top\" width=\"566\">2.5 TDI<\/td>\n<td colspan=\"3\" valign=\"top\" width=\"566\">109 PS \/ 80 KW<\/td>\n<td valign=\"top\" width=\"566\">142 PS \/ 104 KW<\/td>\n<td valign=\"top\" width=\"566\">+75 NM<\/td>\n<td valign=\"top\" width=\"566\"><\/td>\n<\/tr>\n<tr>\n<td valign=\"top\" width=\"566\">2.8 TDI<\/td>\n<td colspan=\"3\" valign=\"top\" width=\"566\">125 PS \/ 92 KW<\/td>\n<td valign=\"top\" width=\"566\">160 PS \/ 118 KW<\/td>\n<td valign=\"top\" width=\"566\">+76 NM<\/td>\n<td valign=\"top\" width=\"566\"><\/td>\n<\/tr>\n<tr>\n<td valign=\"top\" width=\"566\">2.8 TDI<\/td>\n<td colspan=\"3\" valign=\"top\" width=\"566\">131 PS \/ 96 KW<\/td>\n<td valign=\"top\" width=\"566\">165 PS \/ 121 KW<\/td>\n<td valign=\"top\" width=\"566\">+74 NM<\/td>\n<td valign=\"top\" width=\"566\"><\/td>\n<\/tr>\n<tr>\n<td valign=\"top\" width=\"566\">2.8 TDI<\/td>\n<td colspan=\"3\" valign=\"top\" width=\"566\">158 PS \/ 116 KW<\/td>\n<td valign=\"top\" width=\"566\">190 PS \/ 140 KW<\/td>\n<td valign=\"top\" width=\"566\">+70 NM<\/td>\n<td valign=\"top\" width=\"566\"><\/td>\n<\/tr>\n<tr>\n<td valign=\"top\" width=\"566\"><\/td>\n<td colspan=\"3\" valign=\"top\" width=\"566\"><\/td>\n<td valign=\"top\" width=\"566\"><\/td>\n<td valign=\"top\" width=\"566\"><\/td>\n<td valign=\"top\" width=\"566\"><\/td>\n<\/tr>\n<tr>\n<td colspan=\"7\" valign=\"top\"><strong><img loading=\"lazy\" class=\"alignnone\" alt=\"\" src=\"http:\/\/www.massrentacar.com\/images\/arabalar\/15\/volkswagen-crafter-1.jpg\" width=\"118\" height=\"75\" \/> VW Typ 3 Crafter (2006 ve Sonras\u0131)<\/strong><\/td>\n<\/tr>\n<tr>\n<td valign=\"top\" width=\"566\">2.5 TDI<\/td>\n<td colspan=\"2\" valign=\"top\" width=\"566\">88 PS \/ 65 KW<\/td>\n<td valign=\"top\" width=\"566\">220 NM<\/td>\n<td valign=\"top\" width=\"566\">102 PS \/ 75 KW<\/td>\n<td valign=\"top\" width=\"566\">+55 NM<\/td>\n<td valign=\"top\" width=\"566\"><\/td>\n<\/tr>\n<tr>\n<td valign=\"top\" width=\"566\">2.5 TDI<\/td>\n<td colspan=\"2\" valign=\"top\" width=\"566\">109 PS \/ 80 KW<\/td>\n<td valign=\"top\" width=\"566\">280 NM<\/td>\n<td valign=\"top\" width=\"566\">142 PS \/ 104 KW<\/td>\n<td valign=\"top\" width=\"566\">+75 NM<\/td>\n<td valign=\"top\" width=\"566\"><\/td>\n<\/tr>\n<tr>\n<td valign=\"top\" width=\"566\">2.5 TDI<\/td>\n<td colspan=\"2\" valign=\"top\" width=\"566\">136 PS \/ 100 KW<\/td>\n<td valign=\"top\" width=\"566\">300 NM<\/td>\n<td valign=\"top\" width=\"566\">168 PS \/ 124 KW<\/td>\n<td valign=\"top\" width=\"566\">+70 NM<\/td>\n<td valign=\"top\" width=\"566\"><\/td>\n<\/tr>\n<tr>\n<td valign=\"top\" width=\"566\">2.5 TDI<\/td>\n<td colspan=\"2\" valign=\"top\" width=\"566\">163 PS \/ 120 KW<\/td>\n<td valign=\"top\" width=\"566\">350 NM<\/td>\n<td valign=\"top\" width=\"566\">193 PS \/ 142 KW<\/td>\n<td valign=\"top\" width=\"566\">+65 NM<\/td>\n<td valign=\"top\" width=\"566\"><\/td>\n<\/tr>\n<\/tbody>\n<\/table>\n","protected":false},"excerpt":{"rendered":"<p>Motor Yaz\u0131l\u0131m \u00d6ncesi Yaz\u0131l\u0131m Sonras\u0131 Tork + NM Fiyat VW Caddy Typ 9KV (1995-2003) 1.4 60 PS \/ 44 KW 67 PS \/ 49 KW +12 NM 1.4 75 PS \/ 55 KW 84 PS \/ 62 KW +12 NM 1.6 75 PS \/ 55 KW 89 PS \/ 65 KW +15 NM 1.9 SDI [&hellip;]<\/p>\n","protected":false},"author":1,"featured_media":0,"parent":0,"menu_order":0,"comment_status":"open","ping_status":"open","template":"","meta":[],"_links":{"self":[{"href":"http:\/\/www.ottochips.com\/index.php?rest_route=\/wp\/v2\/pages\/434"}],"collection":[{"href":"http:\/\/www.ottochips.com\/index.php?rest_route=\/wp\/v2\/pages"}],"about":[{"href":"http:\/\/www.ottochips.com\/index.php?rest_route=\/wp\/v2\/types\/page"}],"author":[{"embeddable":true,"href":"http:\/\/www.ottochips.com\/index.php?rest_route=\/wp\/v2\/users\/1"}],"replies":[{"embeddable":true,"href":"http:\/\/www.ottochips.com\/index.php?rest_route=%2Fwp%2Fv2%2Fcomments&post=434"}],"version-history":[{"count":5,"href":"http:\/\/www.ottochips.com\/index.php?rest_route=\/wp\/v2\/pages\/434\/revisions"}],"predecessor-version":[{"id":578,"href":"http:\/\/www.ottochips.com\/index.php?rest_route=\/wp\/v2\/pages\/434\/revisions\/578"}],"wp:attachment":[{"href":"http:\/\/www.ottochips.com\/index.php?rest_route=%2Fwp%2Fv2%2Fmedia&parent=434"}],"curies":[{"name":"wp","href":"https:\/\/api.w.org\/{rel}","templated":true}]}}