{"id":495,"date":"2014-04-04T11:21:29","date_gmt":"2014-04-04T08:21:29","guid":{"rendered":"http:\/\/www.ottochips.com\/?page_id=495"},"modified":"2018-01-18T14:22:25","modified_gmt":"2018-01-18T12:22:25","slug":"dizel-partikul-filtresi-cozumleri-dpf-fix_repair","status":"publish","type":"page","link":"http:\/\/www.ottochips.com\/?page_id=495","title":{"rendered":"Dizel Partik\u00fcl Filtresi \u00c7\u00f6z\u00fcmleri (DPF FIX)"},"content":{"rendered":"<p><img loading=\"lazy\" class=\" alignright\" src=\"https:\/\/encrypted-tbn1.gstatic.com\/images?q=tbn:ANd9GcS0XgpwtM1M_AVHUp_KhjToTvwBzDVOeYj1_cdkVYpu8w9oJKYQ\" alt=\"\" width=\"219\" height=\"104\" \/> Dizel Partk\u00fcl filtre ar\u0131zalar\u0131n\u0131za yaz\u0131l\u0131m uygulamas\u0131 yaparak ar\u0131za lambas\u0131 yanm\u0131yacak \u015fekilde kesin \u00e7\u00f6z\u00fcm sunuyoruz. Arac\u0131n\u0131zda bir daha bu sebepten dolay\u0131 bir ar\u0131za ile kar\u015f\u0131la\u015fmayacaks\u0131n\u0131z.<\/p>\n<p>Detayl\u0131 bilgi i\u00e7in irtibat; <a href=\"http:\/\/www.ottochips.com\/?page_id=2\"><img loading=\"lazy\" class=\"alignnone\" src=\"http:\/\/www.binbirsaat.com\/pictures\/201566143318_telicon.png\" alt=\"\" width=\"55\" height=\"40\" \/><\/a><\/p>\n","protected":false},"excerpt":{"rendered":"<p>Dizel Partk\u00fcl filtre ar\u0131zalar\u0131n\u0131za yaz\u0131l\u0131m uygulamas\u0131 yaparak ar\u0131za lambas\u0131 yanm\u0131yacak \u015fekilde kesin \u00e7\u00f6z\u00fcm sunuyoruz. Arac\u0131n\u0131zda bir daha bu sebepten dolay\u0131 bir ar\u0131za ile kar\u015f\u0131la\u015fmayacaks\u0131n\u0131z. Detayl\u0131 bilgi i\u00e7in irtibat;<\/p>\n","protected":false},"author":1,"featured_media":0,"parent":0,"menu_order":0,"comment_status":"open","ping_status":"closed","template":"","meta":[],"_links":{"self":[{"href":"http:\/\/www.ottochips.com\/index.php?rest_route=\/wp\/v2\/pages\/495"}],"collection":[{"href":"http:\/\/www.ottochips.com\/index.php?rest_route=\/wp\/v2\/pages"}],"about":[{"href":"http:\/\/www.ottochips.com\/index.php?rest_route=\/wp\/v2\/types\/page"}],"author":[{"embeddable":true,"href":"http:\/\/www.ottochips.com\/index.php?rest_route=\/wp\/v2\/users\/1"}],"replies":[{"embeddable":true,"href":"http:\/\/www.ottochips.com\/index.php?rest_route=%2Fwp%2Fv2%2Fcomments&post=495"}],"version-history":[{"count":10,"href":"http:\/\/www.ottochips.com\/index.php?rest_route=\/wp\/v2\/pages\/495\/revisions"}],"predecessor-version":[{"id":814,"href":"http:\/\/www.ottochips.com\/index.php?rest_route=\/wp\/v2\/pages\/495\/revisions\/814"}],"wp:attachment":[{"href":"http:\/\/www.ottochips.com\/index.php?rest_route=%2Fwp%2Fv2%2Fmedia&parent=495"}],"curies":[{"name":"wp","href":"https:\/\/api.w.org\/{rel}","templated":true}]}}