{"id":97,"date":"2014-03-29T12:50:08","date_gmt":"2014-03-29T10:50:08","guid":{"rendered":"http:\/\/www.ottochips.com\/?page_id=97"},"modified":"2014-05-15T23:15:42","modified_gmt":"2014-05-15T20:15:42","slug":"chevrolet","status":"publish","type":"page","link":"http:\/\/www.ottochips.com\/?page_id=97","title":{"rendered":"Chevrolet"},"content":{"rendered":"<table width=\"729\" border=\"1\" cellspacing=\"0\" cellpadding=\"0\">\n<tbody>\n<tr>\n<td valign=\"top\" width=\"108\"><strong>Motor<\/strong><\/td>\n<td valign=\"top\" width=\"180\"><strong>Yaz\u0131l\u0131m \u00d6ncesi<br \/>\n<\/strong><\/td>\n<td valign=\"top\" width=\"96\"><strong>Yak\u0131t<br \/>\n<\/strong><\/td>\n<td valign=\"top\" width=\"168\"><strong>Yaz\u0131l\u0131m Sonras\u0131<br \/>\n<\/strong><\/td>\n<td valign=\"top\" width=\"105\"><strong>Tork<br \/>\n<\/strong><\/td>\n<td valign=\"top\" width=\"72\"><strong>Fiyat<\/strong><\/td>\n<\/tr>\n<tr>\n<td valign=\"top\" width=\"108\"><img loading=\"lazy\" class=\"alignnone\" alt=\"\" src=\"http:\/\/arackampanyalari.com\/wp-content\/uploads\/2013\/12\/Chevrolet-Kalos.jpg\" width=\"110\" height=\"67\" \/><strong>Kalos<\/strong><\/td>\n<td valign=\"top\" width=\"180\"><\/td>\n<td valign=\"top\" width=\"96\"><\/td>\n<td valign=\"top\" width=\"168\">&nbsp;<\/p>\n<p>&nbsp;<\/td>\n<td valign=\"top\" width=\"105\">+10 NM<\/td>\n<td valign=\"top\" width=\"72\"><\/td>\n<\/tr>\n<tr>\n<td valign=\"top\" width=\"108\">1.2<\/td>\n<td valign=\"top\" width=\"180\">72 PS \/ 53 KW<\/td>\n<td valign=\"top\" width=\"96\">Benzin<\/td>\n<td valign=\"top\" width=\"168\">81 PS \/ 59 KW<\/td>\n<td valign=\"top\" width=\"105\">+11 NM<\/td>\n<td valign=\"top\" width=\"72\"><\/td>\n<\/tr>\n<tr>\n<td valign=\"top\" width=\"108\">1.4<\/td>\n<td valign=\"top\" width=\"180\">75 PS \/ 55 KW<\/td>\n<td valign=\"top\" width=\"96\">Benzin<\/td>\n<td valign=\"top\" width=\"168\">87 PS \/ 64 KW<\/td>\n<td valign=\"top\" width=\"105\">+12 NM<\/td>\n<td valign=\"top\" width=\"72\"><\/td>\n<\/tr>\n<tr>\n<td valign=\"top\" width=\"108\">1.4<\/td>\n<td valign=\"top\" width=\"180\">94 PS \/ 69 KW<\/td>\n<td valign=\"top\" width=\"96\">Benzin<\/td>\n<td valign=\"top\" width=\"168\">105 PS \/ 77 KW<\/td>\n<td valign=\"top\" width=\"105\">+12 NM<\/td>\n<td valign=\"top\" width=\"72\"><\/td>\n<\/tr>\n<tr>\n<td valign=\"top\" width=\"108\">1.4<\/td>\n<td valign=\"top\" width=\"180\">95 PS \/ 70 KW<\/td>\n<td valign=\"top\" width=\"96\">Benzin<\/td>\n<td valign=\"top\" width=\"168\">107 PS \/ 79 KW<\/td>\n<td valign=\"top\" width=\"105\">+12 NM<\/td>\n<td valign=\"top\" width=\"72\"><\/td>\n<\/tr>\n<tr>\n<td valign=\"top\" width=\"108\"><img loading=\"lazy\" class=\"alignnone\" alt=\"\" src=\"http:\/\/1.bp.blogspot.com\/-MKZ4L1-NAdk\/T_Pq1EoQ-PI\/AAAAAAAAAA8\/nTaaR5GMEEE\/s1600\/chevrolet-cruze-black-wallpaper-reviews.jpg\" width=\"110\" height=\"77\" \/><strong>Cruze<\/strong><\/td>\n<td valign=\"top\" width=\"180\"><\/td>\n<td valign=\"top\" width=\"96\"><\/td>\n<td valign=\"top\" width=\"168\"><\/td>\n<td valign=\"top\" width=\"105\"><\/td>\n<td valign=\"top\" width=\"72\"><\/td>\n<\/tr>\n<tr>\n<td valign=\"top\" width=\"108\">1.5<\/td>\n<td valign=\"top\" width=\"180\">75 PS \/ 55 KW<\/td>\n<td valign=\"top\" width=\"96\">Benzin<\/td>\n<td valign=\"top\" width=\"168\">88 PS \/ 65 KW<\/td>\n<td valign=\"top\" width=\"105\">+14 NM<\/td>\n<td valign=\"top\" width=\"72\"><\/td>\n<\/tr>\n<tr>\n<td valign=\"top\" width=\"108\">1.5 16V<\/td>\n<td valign=\"top\" width=\"180\">90 PS \/ 66 KW<\/td>\n<td valign=\"top\" width=\"96\">Benzin<\/td>\n<td valign=\"top\" width=\"168\">104 PS \/ 76 KW<\/td>\n<td valign=\"top\" width=\"105\">+15 NM<\/td>\n<td valign=\"top\" width=\"72\"><\/td>\n<\/tr>\n<tr>\n<td valign=\"top\" width=\"108\">1.6<\/td>\n<td valign=\"top\" width=\"180\">107 PS \/ 79 KW<\/td>\n<td valign=\"top\" width=\"96\">Benzin<\/td>\n<td valign=\"top\" width=\"168\">120 PS \/ 88 KW<\/td>\n<td valign=\"top\" width=\"105\">+16 NM<\/td>\n<td valign=\"top\" width=\"72\"><\/td>\n<\/tr>\n<tr>\n<td valign=\"top\" width=\"108\">1.6 16V<\/td>\n<td valign=\"top\" width=\"180\">109 PS \/ 80 KW<\/td>\n<td valign=\"top\" width=\"96\">Benzin<\/td>\n<td valign=\"top\" width=\"168\">120 PS \/ 88 KW<\/td>\n<td valign=\"top\" width=\"105\">+15 NM<\/td>\n<td valign=\"top\" width=\"72\"><\/td>\n<\/tr>\n<tr>\n<td valign=\"top\" width=\"108\">1.8<\/td>\n<td valign=\"top\" width=\"180\">121 PS \/ 89 KW<\/td>\n<td valign=\"top\" width=\"96\">Benzin<\/td>\n<td valign=\"top\" width=\"168\">136 PS \/ 100 KW<\/td>\n<td valign=\"top\" width=\"105\">+14 NM<\/td>\n<td valign=\"top\" width=\"72\"><\/td>\n<\/tr>\n<tr>\n<td valign=\"top\" width=\"108\">2.0<\/td>\n<td valign=\"top\" width=\"180\">115 PS \/ 85 KW<\/td>\n<td valign=\"top\" width=\"96\">Benzin<\/td>\n<td valign=\"top\" width=\"168\">132 PS \/ 97 KW<\/td>\n<td valign=\"top\" width=\"105\">+16 NM<\/td>\n<td valign=\"top\" width=\"72\"><\/td>\n<\/tr>\n<tr>\n<td valign=\"top\" width=\"108\">2.0<\/td>\n<td valign=\"top\" width=\"180\">122 PS \/ 90 KW<\/td>\n<td valign=\"top\" width=\"96\">Benzin<\/td>\n<td valign=\"top\" width=\"168\">137 PS \/ 101 KW<\/td>\n<td valign=\"top\" width=\"105\">+18 NM<\/td>\n<td valign=\"top\" width=\"72\"><\/td>\n<\/tr>\n<tr>\n<td valign=\"top\" width=\"108\"><img loading=\"lazy\" class=\"alignnone\" alt=\"\" src=\"http:\/\/trabzonrental.org\/resimler\/df9d46a620738d6.jpg\" width=\"110\" height=\"73\" \/><strong>Captiva 2.0 D<\/strong><\/td>\n<td valign=\"top\" width=\"180\">150 PS \/ 110 KW<\/td>\n<td valign=\"top\" width=\"96\">Diesel<\/td>\n<td valign=\"top\" width=\"168\">175 PS \/ 129 KW<\/td>\n<td valign=\"top\" width=\"105\">+45 NM<\/td>\n<td valign=\"top\" width=\"72\"><\/td>\n<\/tr>\n<tr>\n<td valign=\"top\" width=\"108\"><img loading=\"lazy\" class=\"alignnone\" alt=\"\" src=\"http:\/\/srv2.betterparts.org\/images\/chevrolet-epica-2.0-diesel-03.jpg\" width=\"110\" height=\"82\" \/><strong>Epica 2.0 D<\/strong><\/td>\n<td valign=\"top\" width=\"180\">150 PS \/ 110 KW<\/td>\n<td valign=\"top\" width=\"96\">Diesel<\/td>\n<td valign=\"top\" width=\"168\">175 PS \/ 129 KW<\/td>\n<td valign=\"top\" width=\"105\">+45 NM<\/td>\n<td valign=\"top\" width=\"72\"><\/td>\n<\/tr>\n<\/tbody>\n<\/table>\n","protected":false},"excerpt":{"rendered":"<p>Motor Yaz\u0131l\u0131m \u00d6ncesi Yak\u0131t Yaz\u0131l\u0131m Sonras\u0131 Tork Fiyat Kalos &nbsp; &nbsp; +10 NM 1.2 72 PS \/ 53 KW Benzin 81 PS \/ 59 KW +11 NM 1.4 75 PS \/ 55 KW Benzin 87 PS \/ 64 KW +12 NM 1.4 94 PS \/ 69 KW Benzin 105 PS \/ 77 KW +12 NM [&hellip;]<\/p>\n","protected":false},"author":1,"featured_media":0,"parent":0,"menu_order":0,"comment_status":"open","ping_status":"open","template":"","meta":[],"_links":{"self":[{"href":"http:\/\/www.ottochips.com\/index.php?rest_route=\/wp\/v2\/pages\/97"}],"collection":[{"href":"http:\/\/www.ottochips.com\/index.php?rest_route=\/wp\/v2\/pages"}],"about":[{"href":"http:\/\/www.ottochips.com\/index.php?rest_route=\/wp\/v2\/types\/page"}],"author":[{"embeddable":true,"href":"http:\/\/www.ottochips.com\/index.php?rest_route=\/wp\/v2\/users\/1"}],"replies":[{"embeddable":true,"href":"http:\/\/www.ottochips.com\/index.php?rest_route=%2Fwp%2Fv2%2Fcomments&post=97"}],"version-history":[{"count":6,"href":"http:\/\/www.ottochips.com\/index.php?rest_route=\/wp\/v2\/pages\/97\/revisions"}],"predecessor-version":[{"id":588,"href":"http:\/\/www.ottochips.com\/index.php?rest_route=\/wp\/v2\/pages\/97\/revisions\/588"}],"wp:attachment":[{"href":"http:\/\/www.ottochips.com\/index.php?rest_route=%2Fwp%2Fv2%2Fmedia&parent=97"}],"curies":[{"name":"wp","href":"https:\/\/api.w.org\/{rel}","templated":true}]}}